{"id":2466,"date":"2026-03-13T13:13:46","date_gmt":"2026-03-13T13:13:46","guid":{"rendered":"https:\/\/gangwerk.ch\/studio\/?page_id=2466"},"modified":"2026-03-13T17:57:45","modified_gmt":"2026-03-13T17:57:45","slug":"katharina-mattioli","status":"publish","type":"page","link":"https:\/\/gangwerk.ch\/studio\/katharina-mattioli\/","title":{"rendered":"Katharina Mattioli"},"content":{"rendered":"<p>[et_pb_section fb_built=&#8220;1&#8243; _builder_version=&#8220;4.27.4&#8243; _module_preset=&#8220;default&#8220; background_image=&#8220;https:\/\/gangwerk.ch\/studio\/wp-content\/uploads\/2026\/03\/Header-Studio3.png&#8220; global_colors_info=&#8220;{}&#8220;][et_pb_row _builder_version=&#8220;4.27.0&#8243; _module_preset=&#8220;default&#8220; global_colors_info=&#8220;{}&#8220;][et_pb_column type=&#8220;4_4&#8243; _builder_version=&#8220;4.27.0&#8243; _module_preset=&#8220;default&#8220; global_colors_info=&#8220;{}&#8220;][et_pb_image src=&#8220;https:\/\/gangwerk.ch\/studio\/wp-content\/uploads\/2020\/08\/pic_invis.gif&#8220; title_text=&#8220;pic_invis&#8220; _builder_version=&#8220;4.27.0&#8243; _module_preset=&#8220;default&#8220; global_colors_info=&#8220;{}&#8220;][\/et_pb_image][\/et_pb_column][\/et_pb_row][\/et_pb_section][et_pb_section fb_built=&#8220;1&#8243; _builder_version=&#8220;4.27.4&#8243; _module_preset=&#8220;default&#8220; global_colors_info=&#8220;{}&#8220;][et_pb_row _builder_version=&#8220;4.16&#8243; background_size=&#8220;initial&#8220; background_position=&#8220;top_left&#8220; background_repeat=&#8220;repeat&#8220; custom_padding=&#8220;||18px|||&#8220; global_colors_info=&#8220;{}&#8220;][et_pb_column type=&#8220;4_4&#8243; _builder_version=&#8220;4.16&#8243; custom_padding=&#8220;|||&#8220; global_colors_info=&#8220;{}&#8220; custom_padding__hover=&#8220;|||&#8220;][et_pb_text _builder_version=&#8220;4.27.4&#8243; global_colors_info=&#8220;{}&#8220;]<\/p>\n<h1>Katharina Mattioli<\/h1>\n<p><span style=\"color: #000000;\"><strong>\u00abMit der Gr\u00fcndung der Gangwerk GmbH und der Entwicklung der Marke Flexiness\u00ae ging f\u00fcr mich 2013 ein Traum in Erf\u00fcllung!\u00bb<\/strong><\/span><\/p>\n<p data-start=\"24\" data-end=\"296\">Die Leidenschaft f\u00fcr den Bewegungsapparat und funktionelle Bewegung von Hunden pr\u00e4gt Katharina Mattiolis Arbeit seit vielen Jahren. F\u00fcr sie ist Bewegung weit mehr als Aktivit\u00e4t \u2013 sie ist ein zentrales Element f\u00fcr Gesundheit, Leistungsf\u00e4higkeit und Lebensfreude von Hunden.<\/p>\n<p data-start=\"298\" data-end=\"668\">Die Liebe zu Hunden wurde ihr ebenso in die Wiege gelegt wie die Freude am Gestalten. Beides begleitet sie bis heute: Bevor sie sich vollst\u00e4ndig der Arbeit mit Hunden widmete, arbeitete Katharina als Grafikdesignerin und Multimedia-Produzentin. Die Verbindung aus Kreativit\u00e4t, Struktur und funktionellem Denken pr\u00e4gt auch ihre heutige Arbeit im Bereich Hundefitness und Bewegungstraining.<\/p>\n<p data-start=\"670\" data-end=\"1038\">2011 entschied sie sich, ihre Leidenschaft f\u00fcr den Bewegungsapparat von Hunden professionell zu vertiefen und begann die Ausbildung zur Hundephysiotherapeutin bei der <span class=\"hover:entity-accent entity-underline inline cursor-pointer align-baseline\"><span class=\"whitespace-normal\">Anisana<\/span><\/span>, die sie \u00fcber f\u00fcnf Semester absolvierte. Darauf aufbauend folgten zahlreiche Weiterbildungen im Bereich Hundetraining, Hundefitness sowie Humanfitness und Pilates.<\/p>\n<p data-start=\"1040\" data-end=\"1396\">Heute ist <span class=\"hover:entity-accent entity-underline inline cursor-pointer align-baseline\"><span class=\"whitespace-normal\">Katharina Mattioli<\/span><\/span> zertifizierte Hundephysiotherapeutin, Hundetrainerin und Canine Fitness Trainerin sowie Gr\u00fcnderin der Marke <span class=\"hover:entity-accent entity-underline inline cursor-pointer align-baseline\"><span class=\"whitespace-normal\">Flexiness<\/span><\/span> f\u00fcr Hundefitness-Equipment. In ihrer Arbeit verbindet sie therapeutisches Wissen mit funktionellem Training, um Hunde gesund, stabil und leistungsf\u00e4hig zu halten.<\/p>\n<p data-start=\"1398\" data-end=\"1796\">Gemeinsam mit ihren Boston Terriern und ihrer Continental Bulldog lebt sie auf dem Land und nutzt jede Gelegenheit f\u00fcr aktive Zeit in der Natur. Neben Spazierg\u00e4ngen und Training geh\u00f6rt auch der Hundesport zu ihrem Alltag. Sie nimmt regelm\u00e4\u00dfig an Hundeausstellungen teil, die sie nicht als Sch\u00f6nheitswettbewerb versteht, sondern als gemeinsamen Sport, f\u00fcr den Mensch und Hund gemeinsam trainieren.<\/p>\n<p data-start=\"1984\" data-end=\"2242\"><strong>Mit dem FlexinessXFitness Studio verfolgt Katharina das Ziel, Hundehalter:innen zu zeigen, wie durchdachtes Training, funktionelle \u00dcbungen und ein gutes Verst\u00e4ndnis f\u00fcr den Bewegungsapparat die Grundlage f\u00fcr gesunde, starke und belastbare Hunde bilden.<\/strong><\/p>\n<p data-start=\"2244\" data-end=\"2413\"><strong>Ihre Arbeit verbindet Fachwissen, praktische Erfahrung und eine gro\u00dfe Leidenschaft f\u00fcr Bewegung \u2013 immer mit dem Fokus auf einem gesunden, funktionellen Hundek\u00f6rper.<\/strong><\/p>\n<p>&nbsp;<\/p>\n<p>[\/et_pb_text][\/et_pb_column][\/et_pb_row][et_pb_row _builder_version=&#8220;4.27.4&#8243; _module_preset=&#8220;default&#8220; global_colors_info=&#8220;{}&#8220;][et_pb_column type=&#8220;4_4&#8243; _builder_version=&#8220;4.27.4&#8243; _module_preset=&#8220;default&#8220; global_colors_info=&#8220;{}&#8220;][dsm_text_divider header=&#8220;FLEXINESS&#8220; color=&#8220;#C1B3E1&#8243; divider_style=&#8220;dotted&#8220; divider_weight=&#8220;5px&#8220; _builder_version=&#8220;4.27.4&#8243; _module_preset=&#8220;default&#8220; header_text_color=&#8220;#C1B3E1&#8243; global_colors_info=&#8220;{}&#8220;][\/dsm_text_divider][\/et_pb_column][\/et_pb_row][et_pb_row column_structure=&#8220;2_5,3_5&#8243; _builder_version=&#8220;4.27.4&#8243; _module_preset=&#8220;default&#8220; global_colors_info=&#8220;{}&#8220;][et_pb_column type=&#8220;2_5&#8243; _builder_version=&#8220;4.27.4&#8243; _module_preset=&#8220;default&#8220; global_colors_info=&#8220;{}&#8220;][et_pb_image src=&#8220;https:\/\/gangwerk.ch\/studio\/wp-content\/uploads\/2020\/08\/team.jpg&#8220; title_text=&#8220;team&#8220; _builder_version=&#8220;4.27.4&#8243; _module_preset=&#8220;default&#8220; border_radii=&#8220;on|10px|10px|10px|10px&#8220; box_shadow_style=&#8220;preset2&#8243; global_colors_info=&#8220;{}&#8220;][\/et_pb_image][\/et_pb_column][et_pb_column type=&#8220;3_5&#8243; _builder_version=&#8220;4.27.4&#8243; _module_preset=&#8220;default&#8220; global_colors_info=&#8220;{}&#8220;][et_pb_text _builder_version=&#8220;4.27.4&#8243; hover_enabled=&#8220;0&#8243; global_colors_info=&#8220;{}&#8220; sticky_enabled=&#8220;0&#8243;]<\/p>\n<h3><strong><span style=\"color: #000000;\">Katharina Mattioli CCPT, CCFT<\/span><\/strong><\/h3>\n<ul>\n<li>Dipl. Hundephysiotherapeutin<\/li>\n<li>Dipl. Hundetrainerin<\/li>\n<li>Certified Canine Fitness Trainer (University of Tennessee)<\/li>\n<li>Zert. Pilates Trainerin<\/li>\n<li>Zert. Personal Trainerin<\/li>\n<li>Zert. Fitness Trainerin<\/li>\n<li>Gr\u00fcnderin\/Inhaberin der Firma Gangwerk GmbH und den Marken Flexiness\u00ae, FlexinessXFitness\u00ae, Flexlethix\u00ae, FlexBloxing\u00ae<\/li>\n<li>diverse kynologische Aus- und Weiterbildungen<\/li>\n<li>Gelernte Multimedia Produzentin<\/li>\n<li>Grafik Designerin &amp; Illustratorin<\/li>\n<\/ul>\n<p>[\/et_pb_text][dsm_icon_list _builder_version=&#8220;4.27.4&#8243; _module_preset=&#8220;default&#8220;][\/dsm_icon_list][dsm_pricelist _builder_version=&#8220;4.27.4&#8243; _module_preset=&#8220;default&#8220; hover_enabled=&#8220;0&#8243; sticky_enabled=&#8220;0&#8243;][\/dsm_pricelist][\/et_pb_column][\/et_pb_row][\/et_pb_section]<\/p>\n","protected":false},"excerpt":{"rendered":"<p>Katharina Mattioli \u00abMit der Gr\u00fcndung der Gangwerk GmbH und der Entwicklung der Marke Flexiness\u00ae ging f\u00fcr mich 2013 ein Traum in Erf\u00fcllung!\u00bb Die Leidenschaft f\u00fcr den Bewegungsapparat und funktionelle Bewegung von Hunden pr\u00e4gt Katharina Mattiolis Arbeit seit vielen Jahren. F\u00fcr sie ist Bewegung weit mehr als Aktivit\u00e4t \u2013 sie ist ein zentrales Element f\u00fcr Gesundheit, Leistungsf\u00e4higkeit und Lebensfreude von Hunden. Die Liebe zu Hunden wurde ihr ebenso in die Wiege gelegt wie die Freude am Gestalten. Beides begleitet sie bis heute: Bevor sie sich vollst\u00e4ndig der Arbeit mit Hunden widmete, arbeitete Katharina als Grafikdesignerin und Multimedia-Produzentin. Die Verbindung aus Kreativit\u00e4t, Struktur und funktionellem Denken pr\u00e4gt auch ihre heutige Arbeit im Bereich Hundefitness und Bewegungstraining. 2011 entschied sie sich, ihre Leidenschaft f\u00fcr den Bewegungsapparat von Hunden professionell zu vertiefen und begann die Ausbildung zur Hundephysiotherapeutin bei der Anisana, die sie \u00fcber f\u00fcnf Semester absolvierte. Darauf aufbauend folgten zahlreiche Weiterbildungen im Bereich Hundetraining, Hundefitness sowie Humanfitness und Pilates. Heute ist Katharina Mattioli zertifizierte Hundephysiotherapeutin, Hundetrainerin und Canine Fitness Trainerin sowie Gr\u00fcnderin der Marke Flexiness f\u00fcr Hundefitness-Equipment. In ihrer Arbeit verbindet sie therapeutisches Wissen mit funktionellem Training, um Hunde gesund, stabil und leistungsf\u00e4hig zu halten. Gemeinsam mit ihren Boston Terriern und ihrer Continental [&hellip;]<\/p>\n","protected":false},"author":5,"featured_media":0,"parent":0,"menu_order":0,"comment_status":"closed","ping_status":"closed","template":"","meta":{"_et_pb_use_builder":"on","_et_pb_old_content":"","_et_gb_content_width":"","footnotes":""},"class_list":["post-2466","page","type-page","status-publish","hentry"],"_links":{"self":[{"href":"https:\/\/gangwerk.ch\/studio\/wp-json\/wp\/v2\/pages\/2466","targetHints":{"allow":["GET"]}}],"collection":[{"href":"https:\/\/gangwerk.ch\/studio\/wp-json\/wp\/v2\/pages"}],"about":[{"href":"https:\/\/gangwerk.ch\/studio\/wp-json\/wp\/v2\/types\/page"}],"author":[{"embeddable":true,"href":"https:\/\/gangwerk.ch\/studio\/wp-json\/wp\/v2\/users\/5"}],"replies":[{"embeddable":true,"href":"https:\/\/gangwerk.ch\/studio\/wp-json\/wp\/v2\/comments?post=2466"}],"version-history":[{"count":8,"href":"https:\/\/gangwerk.ch\/studio\/wp-json\/wp\/v2\/pages\/2466\/revisions"}],"predecessor-version":[{"id":2561,"href":"https:\/\/gangwerk.ch\/studio\/wp-json\/wp\/v2\/pages\/2466\/revisions\/2561"}],"wp:attachment":[{"href":"https:\/\/gangwerk.ch\/studio\/wp-json\/wp\/v2\/media?parent=2466"}],"curies":[{"name":"wp","href":"https:\/\/api.w.org\/{rel}","templated":true}]}}