{"id":1542,"date":"2018-05-01T18:03:08","date_gmt":"2018-05-01T18:03:08","guid":{"rendered":"http:\/\/gangwerk.ch\/schule\/?page_id=1542"},"modified":"2018-05-01T18:07:42","modified_gmt":"2018-05-01T18:07:42","slug":"impressum","status":"publish","type":"page","link":"https:\/\/gangwerk.ch\/studio\/impressum\/","title":{"rendered":"Impressum"},"content":{"rendered":"<div class=\"entry-content\">\n<div>\n<p><strong>Verantwortung Gestaltung, Programmierung &amp; Inhalt: <\/strong><br \/>\nGangwerk GmbH<br \/>\nZyth\u00fcslistrasse 1<br \/>\nCH-8165 Schleinikon<br \/>\nTelefon: +41 43 366 87 69<br \/>\n<a href=\"mailto:info@augenmerk.ch\">shop@gangwerk.ch<\/a><\/p>\n<p><strong>Haftungsausschluss: <\/strong><br \/>\nDie Gangwerk GmbH \u00fcbernimmt keine Haftung f\u00fcr die bereitgestellten Informationen, weder \u00fcber deren Aktualit\u00e4t, Richtigkeit noch Vollst\u00e4ndigkeit. F\u00fcr den Inhalt verlinkter Webseiten sind ausschliesslich deren Betreiber verantwortlich, Gangwerk GmbH lehnt jede Verantwortung ab.<\/p>\n<p><strong>Copyright &amp; Urheberrecht: <\/strong><br \/>\n\u00a9 Gangwerk HmbH 2013-2018 | alle Rechte vorbehalten<br \/>\nLayout, Gestaltung und Inhalte dieser Internetpr\u00e4senz unterliegen dem Urheberrecht und sind gesch\u00fctzt. Alle Texte, Bilder und Grafiken sind geistiges Eigentum der Gangwerk GmbH und d\u00fcrfen in keinem Fall ohne schriftliche Genehmigung durch Katharina Mattioli andersweitig verwendet werden.<\/p>\n<\/div>\n<\/div>\n","protected":false},"excerpt":{"rendered":"<p>Verantwortung Gestaltung, Programmierung &amp; Inhalt: Gangwerk GmbH Zyth\u00fcslistrasse 1 CH-8165 Schleinikon Telefon: +41 43 366 87 69 shop@gangwerk.ch Haftungsausschluss: Die Gangwerk GmbH \u00fcbernimmt keine Haftung f\u00fcr die bereitgestellten Informationen, weder \u00fcber deren Aktualit\u00e4t, Richtigkeit noch Vollst\u00e4ndigkeit. F\u00fcr den Inhalt verlinkter Webseiten sind ausschliesslich deren Betreiber verantwortlich, Gangwerk GmbH lehnt jede Verantwortung ab. Copyright &amp; Urheberrecht: [&hellip;]<\/p>\n","protected":false},"author":5,"featured_media":0,"parent":0,"menu_order":0,"comment_status":"closed","ping_status":"closed","template":"","meta":{"_et_pb_use_builder":"","_et_pb_old_content":"","_et_gb_content_width":"","footnotes":""},"class_list":["post-1542","page","type-page","status-publish","hentry"],"_links":{"self":[{"href":"https:\/\/gangwerk.ch\/studio\/wp-json\/wp\/v2\/pages\/1542","targetHints":{"allow":["GET"]}}],"collection":[{"href":"https:\/\/gangwerk.ch\/studio\/wp-json\/wp\/v2\/pages"}],"about":[{"href":"https:\/\/gangwerk.ch\/studio\/wp-json\/wp\/v2\/types\/page"}],"author":[{"embeddable":true,"href":"https:\/\/gangwerk.ch\/studio\/wp-json\/wp\/v2\/users\/5"}],"replies":[{"embeddable":true,"href":"https:\/\/gangwerk.ch\/studio\/wp-json\/wp\/v2\/comments?post=1542"}],"version-history":[{"count":2,"href":"https:\/\/gangwerk.ch\/studio\/wp-json\/wp\/v2\/pages\/1542\/revisions"}],"predecessor-version":[{"id":1545,"href":"https:\/\/gangwerk.ch\/studio\/wp-json\/wp\/v2\/pages\/1542\/revisions\/1545"}],"wp:attachment":[{"href":"https:\/\/gangwerk.ch\/studio\/wp-json\/wp\/v2\/media?parent=1542"}],"curies":[{"name":"wp","href":"https:\/\/api.w.org\/{rel}","templated":true}]}}