{"id":1491,"date":"2018-05-01T15:46:01","date_gmt":"2018-05-01T15:46:01","guid":{"rendered":"http:\/\/gangwerk.ch\/schule\/?page_id=1491"},"modified":"2026-03-18T12:09:33","modified_gmt":"2026-03-18T12:09:33","slug":"coaching","status":"publish","type":"page","link":"https:\/\/gangwerk.ch\/studio\/coaching\/","title":{"rendered":"FitnessCoaching"},"content":{"rendered":"<p>[et_pb_section fb_built=&#8220;1&#8243; _builder_version=&#8220;4.27.4&#8243; _module_preset=&#8220;default&#8220; background_image=&#8220;https:\/\/gangwerk.ch\/studio\/wp-content\/uploads\/2026\/03\/Header-Studio.png&#8220; custom_margin=&#8220;||2px|||&#8220; global_colors_info=&#8220;{}&#8220;][et_pb_row _builder_version=&#8220;4.27.0&#8243; _module_preset=&#8220;default&#8220; global_colors_info=&#8220;{}&#8220;][et_pb_column type=&#8220;4_4&#8243; _builder_version=&#8220;4.27.0&#8243; _module_preset=&#8220;default&#8220; global_colors_info=&#8220;{}&#8220;][et_pb_image src=&#8220;https:\/\/gangwerk.ch\/studio\/wp-content\/uploads\/2020\/08\/pic_invis.gif&#8220; title_text=&#8220;pic_invis&#8220; _builder_version=&#8220;4.27.0&#8243; _module_preset=&#8220;default&#8220; global_colors_info=&#8220;{}&#8220;][\/et_pb_image][\/et_pb_column][\/et_pb_row][\/et_pb_section][et_pb_section fb_built=&#8220;1&#8243; _builder_version=&#8220;4.16&#8243; custom_padding=&#8220;38px|||||&#8220; global_colors_info=&#8220;{}&#8220;][et_pb_row _builder_version=&#8220;4.16&#8243; background_size=&#8220;initial&#8220; background_position=&#8220;top_left&#8220; background_repeat=&#8220;repeat&#8220; global_colors_info=&#8220;{}&#8220;][et_pb_column type=&#8220;4_4&#8243; _builder_version=&#8220;4.16&#8243; custom_padding=&#8220;|||&#8220; global_colors_info=&#8220;{}&#8220; custom_padding__hover=&#8220;|||&#8220;][et_pb_text _builder_version=&#8220;4.27.4&#8243; global_colors_info=&#8220;{}&#8220;]<\/p>\n<h1>FitnessCoaching &amp; Sporthunde-Betreuung<\/h1>\n<p>Unser Fitness Coaching und die Betreuung von Sporthunden sind speziell darauf ausgerichtet, die k\u00f6rperliche und mentale Gesundheit von Hunden zu optimieren, die in anspruchsvollen Disziplinen aktiv sind oder als Diensthunde arbeiten. Ein strukturiertes und umfassendes Programm kann dabei helfen, ihre Leistung zu verbessern und Verletzungen vorzubeugen. Durch gezielte Behandlungstechniken und ein ad\u00e4quates Training k\u00f6nnen wir einen Ausgleich schaffen, der nicht nur die Leistungsf\u00e4higkeit verbessert, sondern auch das Verletzungsrisiko minimiert.<br \/><strong><\/strong><\/p>\n<p><strong>F\u00fcr alle Rassen und Fitnesslevels.<\/strong><\/p>\n<p>&nbsp;<\/p>\n<h1>Betreuungsangebot<\/h1>\n<p>Mit unserem umfassenden Ansatz im Fitness Coaching und der Betreuung f\u00fcr Sporthunde unterst\u00fctzen wir dich und deinen Hund dabei, optimale Leistungen zu erzielen und die Gesundheit langfristig zu erhalten. Dein Hund wird fitter, ges\u00fcnder und gl\u00fccklicher sein \u2013 und bereit, jede Herausforderung zu meistern!<\/p>\n<p>[\/et_pb_text][\/et_pb_column][\/et_pb_row][et_pb_row _builder_version=&#8220;4.27.4&#8243; _module_preset=&#8220;default&#8220; global_colors_info=&#8220;{}&#8220;][et_pb_column type=&#8220;4_4&#8243; _builder_version=&#8220;4.27.4&#8243; _module_preset=&#8220;default&#8220; global_colors_info=&#8220;{}&#8220;][dsm_text_divider header=&#8220;FLEXINESS&#8220; color=&#8220;#C1B3E1&#8243; divider_style=&#8220;dotted&#8220; divider_weight=&#8220;5px&#8220; _builder_version=&#8220;4.27.4&#8243; _module_preset=&#8220;default&#8220; header_text_color=&#8220;#C1B3E1&#8243; global_colors_info=&#8220;{}&#8220;][\/dsm_text_divider][et_pb_text _builder_version=&#8220;4.27.4&#8243; global_colors_info=&#8220;{}&#8220;]<\/p>\n<h1>Ablauf Ersttermin<span style=\"color: #000000;\"><\/span><\/h1>\n<p>[\/et_pb_text][\/et_pb_column][\/et_pb_row][et_pb_row column_structure=&#8220;1_3,1_3,1_3&#8243; _builder_version=&#8220;4.27.4&#8243; _module_preset=&#8220;default&#8220; global_colors_info=&#8220;{}&#8220;][et_pb_column type=&#8220;1_3&#8243; _builder_version=&#8220;4.27.4&#8243; _module_preset=&#8220;default&#8220; global_colors_info=&#8220;{}&#8220;][et_pb_text _builder_version=&#8220;4.27.6&#8243; background_color=&#8220;rgba(193,179,225,0.5)&#8220; height=&#8220;330px&#8220; custom_padding=&#8220;15px|15px|15px|15px|false|false&#8220; hover_enabled=&#8220;0&#8243; border_radii=&#8220;on|10px|10px|10px|10px&#8220; box_shadow_style=&#8220;preset2&#8243; global_colors_info=&#8220;{}&#8220; sticky_enabled=&#8220;0&#8243;]<\/p>\n<h3>1. Screening<\/h3>\n<p>Beim Screening analysieren den <strong>aktuellen Zustand<\/strong> (Haltung, Kraft, Stabilit\u00e4t, Mobilit\u00e4t, Flexiblit\u00e4t) deines Hundes. Dies ist entscheidend, um pr\u00e4ventive Massnahmen zu ergreifen und das Training optimal anzupassen.<\/p>\n<ul><\/ul>\n<p>[\/et_pb_text][et_pb_image src=&#8220;https:\/\/gangwerk.ch\/studio\/wp-content\/uploads\/2026\/03\/screening-1.png&#8220; title_text=&#8220;screening&#8220; _builder_version=&#8220;4.27.6&#8243; _module_preset=&#8220;default&#8220; min_height=&#8220;318.4px&#8220; custom_margin=&#8220;9px||||false|false&#8220; global_colors_info=&#8220;{}&#8220;][\/et_pb_image][\/et_pb_column][et_pb_column type=&#8220;1_3&#8243; _builder_version=&#8220;4.27.4&#8243; _module_preset=&#8220;default&#8220; global_colors_info=&#8220;{}&#8220;][et_pb_text _builder_version=&#8220;4.27.4&#8243; background_color=&#8220;rgba(193,179,225,0.5)&#8220; height=&#8220;330px&#8220; custom_padding=&#8220;15px|15px|15px|15px|false|false&#8220; border_radii=&#8220;on|10px|10px|10px|10px&#8220; box_shadow_style=&#8220;preset2&#8243; global_colors_info=&#8220;{}&#8220;]<\/p>\n<h3>2. Analyse <em>(optional)<\/em><\/h3>\n<p>Ein detailliertes Analyse (<strong>Gang- &amp; Standbild<\/strong>) hilft uns, <strong>Fehlbelastungen<\/strong> und <strong>Dysfunktionen<\/strong> fr\u00fchzeitig zu erkennen. Dies beinhaltet die Betrachtung von Bewegungsmustern, k\u00f6rperlichen F\u00e4higkeiten und spezifischen Anforderungen der jeweiligen Sportart oder des Dienstes.<br \/>Hierbei arbeiten wir mit dem<strong> Stance Analyzer<\/strong> und den <strong>Tendiboots&#x2122;<\/strong>.<\/p>\n<ul><\/ul>\n<p>[\/et_pb_text][et_pb_text _builder_version=&#8220;4.27.4&#8243; background_color=&#8220;rgba(193,179,225,0.5)&#8220; height=&#8220;330px&#8220; custom_padding=&#8220;15px|15px|15px|15px|false|false&#8220; border_radii=&#8220;on|10px|10px|10px|10px&#8220; box_shadow_style=&#8220;preset2&#8243; global_colors_info=&#8220;{}&#8220;]<\/p>\n<h3>3. Zieldefinition<\/h3>\n<p>Gemeinsam mit dir definieren wir die individuellen Ziele f\u00fcr deinen Hund.<\/p>\n<p>Ob es sich um <strong>Leistungssteigerung<\/strong>, <strong>Rehabilitation<\/strong> oder <strong>allgemeine Fitness<\/strong> handelt, wir entwickeln einen klaren Plan.<\/p>\n<ul><\/ul>\n<p>[\/et_pb_text][\/et_pb_column][et_pb_column type=&#8220;1_3&#8243; _builder_version=&#8220;4.27.4&#8243; _module_preset=&#8220;default&#8220; global_colors_info=&#8220;{}&#8220;][et_pb_image src=&#8220;https:\/\/gangwerk.ch\/studio\/wp-content\/uploads\/2026\/03\/Tendiboots-HandySensoren.png&#8220; title_text=&#8220;Tendiboots HandySensoren&#8220; _builder_version=&#8220;4.27.4&#8243; _module_preset=&#8220;default&#8220; custom_margin=&#8220;0px||40px||false|false&#8220; global_colors_info=&#8220;{}&#8220;][\/et_pb_image][et_pb_text _builder_version=&#8220;4.27.4&#8243; background_color=&#8220;rgba(193,179,225,0.5)&#8220; height=&#8220;330px&#8220; custom_padding=&#8220;15px|15px|15px|15px|false|false&#8220; border_radii=&#8220;on|10px|10px|10px|10px&#8220; box_shadow_style=&#8220;preset2&#8243; global_colors_info=&#8220;{}&#8220;]<\/p>\n<h3>4. Trainingsplan<\/h3>\n<p>Basierend auf den Ergebnissen der Analyse, des Screenings und der Zieldefinitizon erstellen wir einen massgeschneiderten Trainingsplan. Dieser Plan umfasst <strong>\u00dcbungen zur St\u00e4rkung, Dehnung, Ausdauer und Koordination<\/strong>, die speziell auf die Bed\u00fcrfnisse deines Hundes zugeschnitten sind.<strong><\/strong><\/p>\n<ul><\/ul>\n<p>[\/et_pb_text][\/et_pb_column][\/et_pb_row][et_pb_row _builder_version=&#8220;4.27.4&#8243; _module_preset=&#8220;default&#8220; global_colors_info=&#8220;{}&#8220;][et_pb_column type=&#8220;4_4&#8243; _builder_version=&#8220;4.27.4&#8243; _module_preset=&#8220;default&#8220; global_colors_info=&#8220;{}&#8220;][dsm_text_divider header=&#8220;FLEXINESS&#8220; color=&#8220;#C1B3E1&#8243; divider_style=&#8220;dotted&#8220; divider_weight=&#8220;5px&#8220; _builder_version=&#8220;4.27.4&#8243; _module_preset=&#8220;default&#8220; header_text_color=&#8220;#C1B3E1&#8243; global_colors_info=&#8220;{}&#8220;][\/dsm_text_divider][et_pb_text _builder_version=&#8220;4.27.4&#8243; global_colors_info=&#8220;{}&#8220;]<\/p>\n<h1>Folgetermin &#8211; Betreuung &amp; Check-ups<\/h1>\n<p>&nbsp;<\/p>\n<p>Eine kontinuierliche Betreuung und regelm\u00e4ssige Check-ups sind essenziell, um den Fortschritt zu \u00fcberwachen und den Trainingsplan bei Bedarf anzupassen. Wir stehen dir und deinem Hund mit Rat und Tat zur Seite, um die besten Ergebnisse zu erzielen.<\/p>\n<p><strong>Mit unserer Begleitung bleibt das Training effektiv, sicher und motivierend.<\/strong><\/p>\n<p>[\/et_pb_text][\/et_pb_column][\/et_pb_row][et_pb_row column_structure=&#8220;1_3,1_3,1_3&#8243; _builder_version=&#8220;4.27.4&#8243; _module_preset=&#8220;default&#8220; global_colors_info=&#8220;{}&#8220;][et_pb_column type=&#8220;1_3&#8243; _builder_version=&#8220;4.27.4&#8243; _module_preset=&#8220;default&#8220; global_colors_info=&#8220;{}&#8220;][et_pb_text _builder_version=&#8220;4.27.4&#8243; background_color=&#8220;rgba(193,179,225,0.5)&#8220; height=&#8220;390px&#8220; custom_padding=&#8220;15px|15px|15px|15px|false|false&#8220; border_radii=&#8220;on|10px|10px|10px|10px&#8220; box_shadow_style=&#8220;preset2&#8243; global_colors_info=&#8220;{}&#8220;]<\/p>\n<h3>Trainingsplan \u00fcberpr\u00fcfen<\/h3>\n<p>Im Termin pr\u00fcfen wir gemeinsam den letzten Trainingsplan. Wir schauen uns genau an, wie die \u00dcbungen ausgef\u00fchrt werden, und beurteilen, ob Anpassungen n\u00f6tig sind \u2013 sei es in Bezug auf <strong data-start=\"313\" data-end=\"351\">Progression, Wiederholungen, S\u00e4tze<\/strong> oder neue \u00dcbungen. So stellen wir sicher, dass der Plan immer optimal auf die F\u00e4higkeiten, den Fortschritt und die Bed\u00fcrfnisse deines Hundes abgestimmt ist.<\/p>\n<ul><\/ul>\n<p>[\/et_pb_text][\/et_pb_column][et_pb_column type=&#8220;1_3&#8243; _builder_version=&#8220;4.27.4&#8243; _module_preset=&#8220;default&#8220; global_colors_info=&#8220;{}&#8220;][et_pb_text _builder_version=&#8220;4.27.4&#8243; background_color=&#8220;rgba(193,179,225,0.5)&#8220; height=&#8220;390px&#8220; custom_padding=&#8220;15px|15px|15px|15px|false|false&#8220; border_radii=&#8220;on|10px|10px|10px|10px&#8220; box_shadow_style=&#8220;preset2&#8243; global_colors_info=&#8220;{}&#8220;]<\/p>\n<h3>FUNKTION \u00fcberpr\u00fcfen<\/h3>\n<p>Wi analysieren erneut das <strong data-start=\"157\" data-end=\"191\">Gangbild mit <\/strong>den Tendiboots&#x2122;<strong data-start=\"157\" data-end=\"191\"> und die K\u00f6rperhaltung<\/strong> deines Hundes, um den Fortschritt seit der letzten Untersuchung zu \u00fcberpr\u00fcfen. So erkennen wir gezielt Verbesserungen, m\u00f6gliche Blockaden oder neue Trainingsbedarfe. Auf dieser Basis passen wir Empfehlungen und \u00dcbungen an, damit dein Hund weiterhin <strong data-start=\"441\" data-end=\"473\">gesund, stabil und effizient<\/strong> in Bewegung bleibt.<\/p>\n<ul><\/ul>\n<p>[\/et_pb_text][\/et_pb_column][et_pb_column type=&#8220;1_3&#8243; _builder_version=&#8220;4.27.4&#8243; _module_preset=&#8220;default&#8220; global_colors_info=&#8220;{}&#8220;][et_pb_text _builder_version=&#8220;4.27.4&#8243; background_color=&#8220;rgba(193,179,225,0.5)&#8220; height=&#8220;390px&#8220; custom_padding=&#8220;15px|15px|15px|15px|false|false&#8220; border_radii=&#8220;on|10px|10px|10px|10px&#8220; box_shadow_style=&#8220;preset2&#8243; global_colors_info=&#8220;{}&#8220;]<\/p>\n<h3>Erg\u00e4nzende Methoden<\/h3>\n<p>Mit unseren erg\u00e4nzenden Methoden halten wir den K\u00f6rper deines Hundes <strong data-start=\"253\" data-end=\"288\">beweglich, gesund und belastbar<\/strong>. Dabei wenden wir gezielt Techniken an, die <strong data-start=\"333\" data-end=\"428\">Gelenke und Muskeln mobilisieren, Blockaden l\u00f6sen und die nat\u00fcrliche Beweglichkeit erhalten<\/strong>. So unterst\u00fctzen wir die Gesundheit deines Hundes nachhaltig und sorgen daf\u00fcr, dass Bewegung <strong data-start=\"522\" data-end=\"556\" data-is-only-node=\"\">leicht, sicher und komfortabel<\/strong> bleibt.<\/p>\n<ul><\/ul>\n<p>[\/et_pb_text][\/et_pb_column][\/et_pb_row][et_pb_row _builder_version=&#8220;4.27.4&#8243; _module_preset=&#8220;default&#8220; global_colors_info=&#8220;{}&#8220;][et_pb_column type=&#8220;4_4&#8243; _builder_version=&#8220;4.27.4&#8243; _module_preset=&#8220;default&#8220; global_colors_info=&#8220;{}&#8220;][dsm_text_divider header=&#8220;FLEXINESS&#8220; color=&#8220;#C1B3E1&#8243; divider_style=&#8220;dotted&#8220; divider_weight=&#8220;5px&#8220; _builder_version=&#8220;4.27.4&#8243; _module_preset=&#8220;default&#8220; header_text_color=&#8220;#C1B3E1&#8243; global_colors_info=&#8220;{}&#8220;][\/dsm_text_divider][\/et_pb_column][\/et_pb_row][et_pb_row _builder_version=&#8220;4.27.4&#8243; _module_preset=&#8220;default&#8220; global_colors_info=&#8220;{}&#8220;][et_pb_column type=&#8220;4_4&#8243; _builder_version=&#8220;4.27.4&#8243; _module_preset=&#8220;default&#8220; global_colors_info=&#8220;{}&#8220;][et_pb_text _builder_version=&#8220;4.27.4&#8243; global_colors_info=&#8220;{}&#8220;]<\/p>\n<h1>Erg\u00e4nzende Behandlungs- und Trainingsmethoden:<\/h1>\n<p>[\/et_pb_text][\/et_pb_column][\/et_pb_row][et_pb_row column_structure=&#8220;1_2,1_4,1_4&#8243; _builder_version=&#8220;4.27.4&#8243; _module_preset=&#8220;default&#8220; global_colors_info=&#8220;{}&#8220;][et_pb_column type=&#8220;1_2&#8243; _builder_version=&#8220;4.27.4&#8243; _module_preset=&#8220;default&#8220; global_colors_info=&#8220;{}&#8220;][dsm_icon_list icon_gap_width=&#8220;2em&#8220; list_space_between=&#8220;7px&#8220; _builder_version=&#8220;4.27.4&#8243; _module_preset=&#8220;default&#8220; global_colors_info=&#8220;{}&#8220;][dsm_icon_list_child text=&#8220;Manuelle Techniken&#8220; font_icon=&#8220;&#xe033;||divi||400&#8243; _builder_version=&#8220;4.27.4&#8243; _module_preset=&#8220;default&#8220; global_colors_info=&#8220;{}&#8220;][\/dsm_icon_list_child][dsm_icon_list_child text=&#8220;Objektive Ganganalyse &#8211; Tendiboots&#8220; font_icon=&#8220;&#xe033;||divi||400&#8243; _builder_version=&#8220;4.27.4&#8243; _module_preset=&#8220;default&#8220; global_colors_info=&#8220;{}&#8220;][\/dsm_icon_list_child][dsm_icon_list_child text=&#8220;Kinesiotaping&#8220; font_icon=&#8220;&#xe033;||divi||400&#8243; _builder_version=&#8220;4.27.4&#8243; _module_preset=&#8220;default&#8220; global_colors_info=&#8220;{}&#8220;][\/dsm_icon_list_child][dsm_icon_list_child text=&#8220;LLT Laser-Therapie&#8220; font_icon=&#8220;&#xe033;||divi||400&#8243; _builder_version=&#8220;4.27.4&#8243; _module_preset=&#8220;default&#8220; global_colors_info=&#8220;{}&#8220;][\/dsm_icon_list_child][dsm_icon_list_child text=&#8220;Laserfrequenz-Therapie&#8220; font_icon=&#8220;&#xe033;||divi||400&#8243; _builder_version=&#8220;4.27.4&#8243; _module_preset=&#8220;default&#8220; global_colors_info=&#8220;{}&#8220;][\/dsm_icon_list_child][dsm_icon_list_child text=&#8220;Neuromuskul\u00e4re Stimulation&#8220; font_icon=&#8220;&#xe033;||divi||400&#8243; _builder_version=&#8220;4.27.4&#8243; _module_preset=&#8220;default&#8220; global_colors_info=&#8220;{}&#8220;][\/dsm_icon_list_child][dsm_icon_list_child text=&#8220;Radiale Stosswellentherapie&#8220; font_icon=&#8220;&#xe033;||divi||400&#8243; _builder_version=&#8220;4.27.4&#8243; _module_preset=&#8220;default&#8220; global_colors_info=&#8220;{}&#8220;][\/dsm_icon_list_child][dsm_icon_list_child text=&#8220;PEMF (Pulsed Electomangetic Field)&#8220; font_icon=&#8220;&#xe033;||divi||400&#8243; _builder_version=&#8220;4.27.4&#8243; _module_preset=&#8220;default&#8220; global_colors_info=&#8220;{}&#8220;][\/dsm_icon_list_child][dsm_icon_list_child text=&#8220;Laufbandtraining&#8220; font_icon=&#8220;&#xe033;||divi||400&#8243; _builder_version=&#8220;4.27.4&#8243; _module_preset=&#8220;default&#8220; global_colors_info=&#8220;{}&#8220;][\/dsm_icon_list_child][\/dsm_icon_list][\/et_pb_column][et_pb_column type=&#8220;1_4&#8243; _builder_version=&#8220;4.27.4&#8243; _module_preset=&#8220;default&#8220; global_colors_info=&#8220;{}&#8220;][et_pb_image src=&#8220;https:\/\/gangwerk.ch\/studio\/wp-content\/uploads\/2023\/01\/tape-225&#215;300.png&#8220; title_text=&#8220;tape&#8220; _builder_version=&#8220;4.27.4&#8243; _module_preset=&#8220;default&#8220; border_radii=&#8220;on|10px|10px|10px|10px&#8220; box_shadow_style=&#8220;preset2&#8243; global_colors_info=&#8220;{}&#8220;][\/et_pb_image][\/et_pb_column][et_pb_column type=&#8220;1_4&#8243; _builder_version=&#8220;4.27.4&#8243; _module_preset=&#8220;default&#8220; global_colors_info=&#8220;{}&#8220;][et_pb_image src=&#8220;https:\/\/gangwerk.ch\/studio\/wp-content\/uploads\/2026\/03\/LLT-e1773422602215.jpg&#8220; title_text=&#8220;LLT&#8220; align=&#8220;center&#8220; _builder_version=&#8220;4.27.4&#8243; _module_preset=&#8220;default&#8220; border_radii=&#8220;on|10px|10px|10px|10px&#8220; box_shadow_style=&#8220;preset2&#8243; global_colors_info=&#8220;{}&#8220;][\/et_pb_image][\/et_pb_column][\/et_pb_row][\/et_pb_section]<\/p>\n","protected":false},"excerpt":{"rendered":"<p>FitnessCoaching &amp; Sporthunde-Betreuung Unser Fitness Coaching und die Betreuung von Sporthunden sind speziell darauf ausgerichtet, die k\u00f6rperliche und mentale Gesundheit von Hunden zu optimieren, die in anspruchsvollen Disziplinen aktiv sind oder als Diensthunde arbeiten. Ein strukturiertes und umfassendes Programm kann dabei helfen, ihre Leistung zu verbessern und Verletzungen vorzubeugen. Durch gezielte Behandlungstechniken und ein ad\u00e4quates Training k\u00f6nnen wir einen Ausgleich schaffen, der nicht nur die Leistungsf\u00e4higkeit verbessert, sondern auch das Verletzungsrisiko minimiert. F\u00fcr alle Rassen und Fitnesslevels. &nbsp; Betreuungsangebot Mit unserem umfassenden Ansatz im Fitness Coaching und der Betreuung f\u00fcr Sporthunde unterst\u00fctzen wir dich und deinen Hund dabei, optimale Leistungen zu erzielen und die Gesundheit langfristig zu erhalten. Dein Hund wird fitter, ges\u00fcnder und gl\u00fccklicher sein \u2013 und bereit, jede Herausforderung zu meistern!<div class=\"et_pb_module dsm_text_divider dsm_text_divider_0\">\n\t\t\t\t\n\t\t\t\t\n\t\t\t\t\n\t\t\t\t\n\t\t\t\t\n\t\t\t\t\n\t\t\t\t<div class=\"et_pb_module_inner\">\n\t\t\t\t\t<div class=\"dsm-text-divider-wrapper dsm-text-divider-align-center et_pb_bg_layout_light\">\n\t\t\t\t\n\t\t\t\t\n\t\t\t\t<div class=\"dsm-text-divider-before dsm-divider\"><\/div>\n\t\t\t\t<h3 class=\"dsm-text-divider-header et_pb_module_header\"><span>FLEXINESS<\/span><\/h3>\n\t\t\t\t<div class=\"dsm-text-divider-after dsm-divider\"><\/div>\n\t\t\t<\/div>\n\t\t\t\t<\/div>\n\t\t\t<\/div>Ablauf Ersttermin1. Screening Beim Screening analysieren den aktuellen Zustand (Haltung, Kraft, Stabilit\u00e4t, Mobilit\u00e4t, Flexiblit\u00e4t) deines Hundes. Dies ist entscheidend, um pr\u00e4ventive Massnahmen zu ergreifen und das Training optimal anzupassen. 2. Analyse (optional) Ein detailliertes Analyse (Gang- &amp; Standbild) hilft uns, Fehlbelastungen und Dysfunktionen fr\u00fchzeitig zu erkennen. Dies beinhaltet die Betrachtung von Bewegungsmustern, k\u00f6rperlichen F\u00e4higkeiten und spezifischen Anforderungen der jeweiligen Sportart oder des Dienstes.Hierbei arbeiten wir mit dem Stance Analyzer und [&hellip;]<\/p>\n","protected":false},"author":5,"featured_media":0,"parent":0,"menu_order":0,"comment_status":"closed","ping_status":"closed","template":"","meta":{"_et_pb_use_builder":"on","_et_pb_old_content":"","_et_gb_content_width":"","footnotes":""},"class_list":["post-1491","page","type-page","status-publish","hentry"],"_links":{"self":[{"href":"https:\/\/gangwerk.ch\/studio\/wp-json\/wp\/v2\/pages\/1491","targetHints":{"allow":["GET"]}}],"collection":[{"href":"https:\/\/gangwerk.ch\/studio\/wp-json\/wp\/v2\/pages"}],"about":[{"href":"https:\/\/gangwerk.ch\/studio\/wp-json\/wp\/v2\/types\/page"}],"author":[{"embeddable":true,"href":"https:\/\/gangwerk.ch\/studio\/wp-json\/wp\/v2\/users\/5"}],"replies":[{"embeddable":true,"href":"https:\/\/gangwerk.ch\/studio\/wp-json\/wp\/v2\/comments?post=1491"}],"version-history":[{"count":51,"href":"https:\/\/gangwerk.ch\/studio\/wp-json\/wp\/v2\/pages\/1491\/revisions"}],"predecessor-version":[{"id":2575,"href":"https:\/\/gangwerk.ch\/studio\/wp-json\/wp\/v2\/pages\/1491\/revisions\/2575"}],"wp:attachment":[{"href":"https:\/\/gangwerk.ch\/studio\/wp-json\/wp\/v2\/media?parent=1491"}],"curies":[{"name":"wp","href":"https:\/\/api.w.org\/{rel}","templated":true}]}}