{"id":5108,"date":"2023-05-16T13:36:34","date_gmt":"2023-05-16T13:36:34","guid":{"rendered":"https:\/\/gangwerk.ch\/shop\/?post_type=product&#038;p=5108"},"modified":"2025-10-03T16:03:22","modified_gmt":"2025-10-03T16:03:22","slug":"pawmat","status":"publish","type":"product","link":"https:\/\/gangwerk.ch\/shop\/produkt\/pawmat\/?lang=en","title":{"rendered":"PawMat"},"content":{"rendered":"<p>[et_pb_section fb_built=&#8220;1&#8243; _builder_version=&#8220;4.16&#8243; custom_padding=&#8220;0px||||false|false&#8220; global_colors_info=&#8220;{}&#8220; da_is_popup=&#8220;off&#8220; da_exit_intent=&#8220;off&#8220; da_has_close=&#8220;on&#8220; da_alt_close=&#8220;off&#8220; da_dark_close=&#8220;off&#8220; da_not_modal=&#8220;on&#8220; da_is_singular=&#8220;off&#8220; da_with_loader=&#8220;off&#8220; da_has_shadow=&#8220;on&#8220; da_disable_devices=&#8220;off|off|off&#8220;][et_pb_row _builder_version=&#8220;4.16&#8243; background_size=&#8220;initial&#8220; background_position=&#8220;top_left&#8220; background_repeat=&#8220;repeat&#8220; width=&#8220;100%&#8220; custom_padding=&#8220;0px||0px||false|false&#8220; global_colors_info=&#8220;{}&#8220;][et_pb_column type=&#8220;4_4&#8243; _builder_version=&#8220;4.16&#8243; custom_padding=&#8220;|||&#8220; global_colors_info=&#8220;{}&#8220; custom_padding__hover=&#8220;|||&#8220;][et_pb_button button_url=&#8220;https:\/\/gangwerk.ch\/shop\/product-overview\/?lang=en&#8220; button_text=&#8220;Back&#8220; _builder_version=&#8220;4.27.0&#8243; _module_preset=&#8220;default&#8220; custom_button=&#8220;on&#8220; button_font=&#8220;&#8211;et_global_body_font|700||on|||||&#8220; button_icon=&#8220;D||divi||400&#8243; button_icon_color=&#8220;#FFFFFF&#8220; button_icon_placement=&#8220;left&#8220; button_on_hover=&#8220;off&#8220; custom_padding=&#8220;|15px|||false|false&#8220; global_colors_info=&#8220;{}&#8220; theme_builder_area=&#8220;post_content&#8220; custom_margin=&#8220;50px||60px|||&#8220;][\/et_pb_button][et_pb_wc_cart_notice _builder_version=&#8220;4.16&#8243; global_colors_info=&#8220;{}&#8220;][\/et_pb_wc_cart_notice][\/et_pb_column][\/et_pb_row][et_pb_row _builder_version=&#8220;4.16&#8243; background_size=&#8220;initial&#8220; background_position=&#8220;top_left&#8220; background_repeat=&#8220;repeat&#8220; width=&#8220;100%&#8220; custom_padding=&#8220;0px||||false|false&#8220; global_colors_info=&#8220;{}&#8220; column_structure=&#8220;1_2,1_2&#8243;][et_pb_column type=&#8220;1_2&#8243; _builder_version=&#8220;4.16&#8243; custom_padding=&#8220;|||&#8220; global_colors_info=&#8220;{}&#8220; custom_padding__hover=&#8220;|||&#8220;][et_pb_wc_images _builder_version=&#8220;4.16&#8243; global_colors_info=&#8220;{}&#8220;][\/et_pb_wc_images][\/et_pb_column][et_pb_column type=&#8220;1_2&#8243; _builder_version=&#8220;4.16&#8243; custom_padding=&#8220;|||&#8220; global_colors_info=&#8220;{}&#8220; custom_padding__hover=&#8220;|||&#8220;][et_pb_wc_title _builder_version=&#8220;4.16&#8243; global_colors_info=&#8220;{}&#8220;][\/et_pb_wc_title][et_pb_wc_rating _builder_version=&#8220;4.16&#8243; global_colors_info=&#8220;{}&#8220;][\/et_pb_wc_rating][et_pb_wc_price _builder_version=&#8220;4.16&#8243; global_colors_info=&#8220;{}&#8220;][\/et_pb_wc_price][et_pb_wc_description _builder_version=&#8220;4.16&#8243; global_colors_info=&#8220;{}&#8220;][\/et_pb_wc_description][et_pb_wc_add_to_cart _builder_version=&#8220;4.16&#8243; global_colors_info=&#8220;{}&#8220;][\/et_pb_wc_add_to_cart][et_pb_wc_meta _builder_version=&#8220;4.16&#8243; global_colors_info=&#8220;{}&#8220;][\/et_pb_wc_meta][\/et_pb_column][\/et_pb_row][et_pb_row _builder_version=&#8220;4.16&#8243; background_size=&#8220;initial&#8220; background_position=&#8220;top_left&#8220; background_repeat=&#8220;repeat&#8220; width=&#8220;100%&#8220; global_colors_info=&#8220;{}&#8220;][et_pb_column type=&#8220;4_4&#8243; _builder_version=&#8220;4.16&#8243; custom_padding=&#8220;|||&#8220; global_colors_info=&#8220;{}&#8220; custom_padding__hover=&#8220;|||&#8220;][et_pb_wc_tabs _builder_version=&#8220;4.16&#8243; global_colors_info=&#8220;{}&#8220;] [\/et_pb_wc_tabs][et_pb_wc_upsells _builder_version=&#8220;4.16&#8243; global_colors_info=&#8220;{}&#8220;][\/et_pb_wc_upsells][et_pb_wc_related_products _builder_version=&#8220;4.16&#8243; global_colors_info=&#8220;{}&#8220;][\/et_pb_wc_related_products][\/et_pb_column][\/et_pb_row][\/et_pb_section]<\/p>\n","protected":false},"excerpt":{"rendered":"<p><img loading=\"lazy\" decoding=\"async\" class=\"alignnone wp-image-256\" src=\"https:\/\/gangwerk.ch\/shop\/wp-content\/uploads\/2018\/08\/pic_invis_gross-150x150.gif\" alt=\"\" width=\"15\" height=\"15\" srcset=\"https:\/\/gangwerk.ch\/shop\/wp-content\/uploads\/2018\/08\/pic_invis_gross-150x150.gif 150w, https:\/\/gangwerk.ch\/shop\/wp-content\/uploads\/2018\/08\/pic_invis_gross-400x400.gif 400w, https:\/\/gangwerk.ch\/shop\/wp-content\/uploads\/2018\/08\/pic_invis_gross-100x100.gif 100w\" sizes=\"(max-width: 15px) 100vw, 15px\" \/><br \/>\n<strong>SWISS DESIGN<\/strong> \u2013 Precision and quality for your dog<br \/>\n<strong>DEVELOPED BY PROFESSIONALS <\/strong>\u2013 Trainer &amp; therapist expertise built in<br \/>\n<strong>EFFECTIVE EQUIPMENT<\/strong> \u2013 For safe and successful canine training<br \/>\n<img loading=\"lazy\" decoding=\"async\" class=\"alignnone wp-image-256\" src=\"https:\/\/gangwerk.ch\/shop\/wp-content\/uploads\/2018\/08\/pic_invis_gross-150x150.gif\" alt=\"\" width=\"15\" height=\"15\" srcset=\"https:\/\/gangwerk.ch\/shop\/wp-content\/uploads\/2018\/08\/pic_invis_gross-150x150.gif 150w, https:\/\/gangwerk.ch\/shop\/wp-content\/uploads\/2018\/08\/pic_invis_gross-400x400.gif 400w, https:\/\/gangwerk.ch\/shop\/wp-content\/uploads\/2018\/08\/pic_invis_gross-100x100.gif 100w\" sizes=\"(max-width: 15px) 100vw, 15px\" \/><\/p>\n","protected":false},"featured_media":5110,"comment_status":"open","ping_status":"closed","template":"","meta":{"_et_pb_use_builder":"on","_et_pb_old_content":"<h3 data-start=\"47\" data-end=\"79\">PawMat \u2013 Grip &amp; Stabilit\u00e4ts-Matte.<\/h3>\r\n<p data-start=\"81\" data-end=\"367\">Die PawMat ist eine pfotenf\u00f6rmige Matte, die deinem Hund sicheren Halt und stabile Standfl\u00e4che w\u00e4hrend Training, Fitness oder Reha-\u00dcbungen bietet. Die Oberfl\u00e4che sorgt f\u00fcr einen sicheren Pfotensatz und unterst\u00fctzt die korrekte Gewichtsverteilung bei Balance- und Koordinations\u00fcbungen.<\/p>\r\n<p data-start=\"369\" data-end=\"727\">Die PawMat kann auf dem Boden, auf einem PawStep oder in Kombination mit anderen Flexiness\u00ae-Tools genutzt werden, um abgestufte Trainingsaufbauten f\u00fcr fortschreitendes Training zu schaffen. Perfekt f\u00fcr Welpen, aktive Hunde und Seniorhunde gleicherma\u00dfen \u2013 sie optimiert jede Trainingseinheit und sorgt daf\u00fcr, dass dein Hund sicher und unterst\u00fctzt trainiert.<\/p>\r\n<p data-start=\"729\" data-end=\"834\" data-is-last-node=\"\" data-is-only-node=\"\">Stabil. Vielseitig. Flexiness\u00ae-bereit. Verbessert Pfotengriff, Kontrolle und Pr\u00e4zision bei jedem Schritt.<\/p>\r\n&nbsp;\r\n\r\n&nbsp;\r\n\r\n[video width=\"1280\" height=\"720\" mp4=\"https:\/\/gangwerk.ch\/shop\/wp-content\/uploads\/2023\/05\/PawMat.mp4\"][\/video]","_et_gb_content_width":"","advanced_seo_description":"","jetpack_seo_html_title":"","jetpack_seo_noindex":false},"product_brand":[],"product_cat":[100,102],"product_tag":[],"class_list":{"0":"post-5108","1":"product","2":"type-product","3":"status-publish","4":"has-post-thumbnail","6":"product_cat-flexinesssensimat-en","7":"product_cat-flexinesstarget-en","8":"product_shipping_class-swiss-post","10":"first","11":"instock","12":"taxable","13":"shipping-taxable","14":"purchasable","15":"product-type-simple"},"jetpack_sharing_enabled":true,"_links":{"self":[{"href":"https:\/\/gangwerk.ch\/shop\/wp-json\/wp\/v2\/product\/5108","targetHints":{"allow":["GET"]}}],"collection":[{"href":"https:\/\/gangwerk.ch\/shop\/wp-json\/wp\/v2\/product"}],"about":[{"href":"https:\/\/gangwerk.ch\/shop\/wp-json\/wp\/v2\/types\/product"}],"replies":[{"embeddable":true,"href":"https:\/\/gangwerk.ch\/shop\/wp-json\/wp\/v2\/comments?post=5108"}],"wp:featuredmedia":[{"embeddable":true,"href":"https:\/\/gangwerk.ch\/shop\/wp-json\/wp\/v2\/media\/5110"}],"wp:attachment":[{"href":"https:\/\/gangwerk.ch\/shop\/wp-json\/wp\/v2\/media?parent=5108"}],"wp:term":[{"taxonomy":"product_brand","embeddable":true,"href":"https:\/\/gangwerk.ch\/shop\/wp-json\/wp\/v2\/product_brand?post=5108"},{"taxonomy":"product_cat","embeddable":true,"href":"https:\/\/gangwerk.ch\/shop\/wp-json\/wp\/v2\/product_cat?post=5108"},{"taxonomy":"product_tag","embeddable":true,"href":"https:\/\/gangwerk.ch\/shop\/wp-json\/wp\/v2\/product_tag?post=5108"}],"curies":[{"name":"wp","href":"https:\/\/api.w.org\/{rel}","templated":true}]}}