{"id":3601,"date":"2022-06-11T12:14:30","date_gmt":"2022-06-11T12:14:30","guid":{"rendered":"https:\/\/gangwerk.ch\/shop\/produkt\/flexinesssensimatv4-square-2\/"},"modified":"2025-10-04T07:32:30","modified_gmt":"2025-10-04T07:32:30","slug":"flexinesssensimatv4-square-2-2","status":"publish","type":"product","link":"https:\/\/gangwerk.ch\/shop\/produkt\/flexinesssensimatv4-square-2-2\/?lang=en","title":{"rendered":"SensiMatV4 square"},"content":{"rendered":"<p>[et_pb_section fb_built=&#8220;1&#8243; _builder_version=&#8220;4.16&#8243; custom_padding=&#8220;0px||||false|false&#8220; da_disable_devices=&#8220;off|off|off&#8220; global_colors_info=&#8220;{}&#8220; da_is_popup=&#8220;off&#8220; da_exit_intent=&#8220;off&#8220; da_has_close=&#8220;on&#8220; da_alt_close=&#8220;off&#8220; da_dark_close=&#8220;off&#8220; da_not_modal=&#8220;on&#8220; da_is_singular=&#8220;off&#8220; da_with_loader=&#8220;off&#8220; da_has_shadow=&#8220;on&#8220;][et_pb_row _builder_version=&#8220;4.16&#8243; background_size=&#8220;initial&#8220; background_position=&#8220;top_left&#8220; background_repeat=&#8220;repeat&#8220; width=&#8220;100%&#8220; custom_padding=&#8220;0px||0px||false|false&#8220; global_colors_info=&#8220;{}&#8220;][et_pb_column type=&#8220;4_4&#8243; _builder_version=&#8220;4.16&#8243; custom_padding=&#8220;|||&#8220; global_colors_info=&#8220;{}&#8220; custom_padding__hover=&#8220;|||&#8220;][et_pb_button button_url=&#8220;https:\/\/gangwerk.ch\/shop\/product-overview\/?lang=en&#8220; button_text=&#8220;Back&#8220; _builder_version=&#8220;4.27.0&#8243; _module_preset=&#8220;default&#8220; custom_button=&#8220;on&#8220; button_font=&#8220;&#8211;et_global_body_font|700||on|||||&#8220; button_icon=&#8220;&#x44;||divi||400&#8243; button_icon_color=&#8220;#FFFFFF&#8220; button_icon_placement=&#8220;left&#8220; button_on_hover=&#8220;off&#8220; custom_margin=&#8220;50px||60px|||&#8220; custom_padding=&#8220;|15px|||false|false&#8220; global_colors_info=&#8220;{}&#8220;][\/et_pb_button][et_pb_wc_cart_notice _builder_version=&#8220;4.16&#8243; global_colors_info=&#8220;{}&#8220;][\/et_pb_wc_cart_notice][\/et_pb_column][\/et_pb_row][et_pb_row column_structure=&#8220;1_2,1_2&#8243; _builder_version=&#8220;4.16&#8243; background_size=&#8220;initial&#8220; background_position=&#8220;top_left&#8220; background_repeat=&#8220;repeat&#8220; width=&#8220;100%&#8220; custom_padding=&#8220;0px||||false|false&#8220; global_colors_info=&#8220;{}&#8220;][et_pb_column type=&#8220;1_2&#8243; _builder_version=&#8220;4.16&#8243; custom_padding=&#8220;|||&#8220; global_colors_info=&#8220;{}&#8220; custom_padding__hover=&#8220;|||&#8220;][et_pb_wc_images _builder_version=&#8220;4.16&#8243; global_colors_info=&#8220;{}&#8220;][\/et_pb_wc_images][\/et_pb_column][et_pb_column type=&#8220;1_2&#8243; _builder_version=&#8220;4.16&#8243; custom_padding=&#8220;|||&#8220; global_colors_info=&#8220;{}&#8220; custom_padding__hover=&#8220;|||&#8220;][et_pb_wc_title _builder_version=&#8220;4.16&#8243; global_colors_info=&#8220;{}&#8220;][\/et_pb_wc_title][et_pb_wc_rating _builder_version=&#8220;4.16&#8243; global_colors_info=&#8220;{}&#8220;][\/et_pb_wc_rating][et_pb_wc_price _builder_version=&#8220;4.16&#8243; global_colors_info=&#8220;{}&#8220;][\/et_pb_wc_price][et_pb_wc_description _builder_version=&#8220;4.16&#8243; global_colors_info=&#8220;{}&#8220;][\/et_pb_wc_description][et_pb_wc_add_to_cart _builder_version=&#8220;4.16&#8243; global_colors_info=&#8220;{}&#8220;][\/et_pb_wc_add_to_cart][et_pb_wc_meta _builder_version=&#8220;4.16&#8243; global_colors_info=&#8220;{}&#8220;][\/et_pb_wc_meta][\/et_pb_column][\/et_pb_row][et_pb_row _builder_version=&#8220;4.16&#8243; background_size=&#8220;initial&#8220; background_position=&#8220;top_left&#8220; background_repeat=&#8220;repeat&#8220; width=&#8220;100%&#8220; global_colors_info=&#8220;{}&#8220;][et_pb_column type=&#8220;4_4&#8243; _builder_version=&#8220;4.16&#8243; custom_padding=&#8220;|||&#8220; global_colors_info=&#8220;{}&#8220; custom_padding__hover=&#8220;|||&#8220;][et_pb_wc_tabs _builder_version=&#8220;4.16&#8243; global_colors_info=&#8220;{}&#8220;]\t\t\t\t\t[\/et_pb_wc_tabs][et_pb_wc_upsells _builder_version=&#8220;4.16&#8243; global_colors_info=&#8220;{}&#8220;][\/et_pb_wc_upsells][et_pb_wc_related_products _builder_version=&#8220;4.16&#8243; global_colors_info=&#8220;{}&#8220;][\/et_pb_wc_related_products][\/et_pb_column][\/et_pb_row][\/et_pb_section]<\/p>\n","protected":false},"excerpt":{"rendered":"<p><img loading=\"lazy\" decoding=\"async\" class=\"alignnone wp-image-256\" src=\"https:\/\/gangwerk.ch\/shop\/wp-content\/uploads\/2018\/08\/pic_invis_gross-150x150.gif\" alt=\"\" width=\"15\" height=\"15\" srcset=\"https:\/\/gangwerk.ch\/shop\/wp-content\/uploads\/2018\/08\/pic_invis_gross-150x150.gif 150w, https:\/\/gangwerk.ch\/shop\/wp-content\/uploads\/2018\/08\/pic_invis_gross-400x400.gif 400w, https:\/\/gangwerk.ch\/shop\/wp-content\/uploads\/2018\/08\/pic_invis_gross-100x100.gif 100w\" sizes=\"(max-width: 15px) 100vw, 15px\" \/><br \/>\n<strong>SWISS DESIGN<\/strong> \u2013 Precision and quality for your dog<br \/>\n<strong>DEVELOPED BY PROFESSIONALS <\/strong>\u2013 Trainer &amp; therapist expertise built in<br \/>\n<strong>EFFECTIVE EQUIPMENT<\/strong> \u2013 For safe and successful canine training<br \/>\n<img loading=\"lazy\" decoding=\"async\" class=\"alignnone wp-image-256\" src=\"https:\/\/gangwerk.ch\/shop\/wp-content\/uploads\/2018\/08\/pic_invis_gross-150x150.gif\" alt=\"\" width=\"15\" height=\"15\" srcset=\"https:\/\/gangwerk.ch\/shop\/wp-content\/uploads\/2018\/08\/pic_invis_gross-150x150.gif 150w, https:\/\/gangwerk.ch\/shop\/wp-content\/uploads\/2018\/08\/pic_invis_gross-400x400.gif 400w, https:\/\/gangwerk.ch\/shop\/wp-content\/uploads\/2018\/08\/pic_invis_gross-100x100.gif 100w\" sizes=\"(max-width: 15px) 100vw, 15px\" \/><\/p>\n","protected":false},"featured_media":4897,"comment_status":"open","ping_status":"closed","template":"","meta":{"_et_pb_use_builder":"on","_et_pb_old_content":"<h3 data-start=\"265\" data-end=\"522\">SensiMat Square \u2013 Sicherer Grip &amp; Trainingsvielfalt.<\/h3>\r\n<p data-start=\"0\" data-end=\"263\">Die SensiMat Square wurde speziell f\u00fcr die Nutzung mit dem Flexiness\u00ae Step entwickelt, kann aber auch auf dem Boden oder in Kombination mit anderen Flexiness\u00ae-Tools verwendet werden. Sie ist beidseitig nutzbar und bietet somit zwei unterschiedliche Oberfl\u00e4chen.<\/p>\r\n<p data-start=\"265\" data-end=\"522\">Die Rillen der Matte verhaken sich mit den Rippen des Steps, sodass die Matte sicher an Ort und Stelle bleibt \u2013 selbst bei begeisterten oder energiegeladenen Hunden. Dies gew\u00e4hrleistet Stabilit\u00e4t und Sicherheit w\u00e4hrend Training, Fitness oder Reha-\u00dcbungen.<\/p>\r\n<p data-start=\"524\" data-end=\"662\" data-is-last-node=\"\" data-is-only-node=\"\">Vielseitig. Robust. Flexiness\u00ae-bereit. Ideal, um Balance, Core-Aktivierung und kontrollierte Bewegungen zu f\u00f6rdern \u2013 drinnen oder drau\u00dfen.<\/p>\r\n&nbsp;\r\n\r\n[embed]https:\/\/youtu.be\/gFHmQEs8xeU?si=LGfo6aepoiWkC9ZO[\/embed]","_et_gb_content_width":"","advanced_seo_description":"","jetpack_seo_html_title":"","jetpack_seo_noindex":false},"product_brand":[325],"product_cat":[100],"product_tag":[],"class_list":{"0":"post-3601","1":"product","2":"type-product","3":"status-publish","4":"has-post-thumbnail","6":"product_brand-flexiness","7":"product_cat-flexinesssensimat-en","8":"product_shipping_class-swiss-post","10":"first","11":"outofstock","12":"taxable","13":"shipping-taxable","14":"purchasable","15":"product-type-simple"},"jetpack_sharing_enabled":true,"_links":{"self":[{"href":"https:\/\/gangwerk.ch\/shop\/wp-json\/wp\/v2\/product\/3601","targetHints":{"allow":["GET"]}}],"collection":[{"href":"https:\/\/gangwerk.ch\/shop\/wp-json\/wp\/v2\/product"}],"about":[{"href":"https:\/\/gangwerk.ch\/shop\/wp-json\/wp\/v2\/types\/product"}],"replies":[{"embeddable":true,"href":"https:\/\/gangwerk.ch\/shop\/wp-json\/wp\/v2\/comments?post=3601"}],"wp:featuredmedia":[{"embeddable":true,"href":"https:\/\/gangwerk.ch\/shop\/wp-json\/wp\/v2\/media\/4897"}],"wp:attachment":[{"href":"https:\/\/gangwerk.ch\/shop\/wp-json\/wp\/v2\/media?parent=3601"}],"wp:term":[{"taxonomy":"product_brand","embeddable":true,"href":"https:\/\/gangwerk.ch\/shop\/wp-json\/wp\/v2\/product_brand?post=3601"},{"taxonomy":"product_cat","embeddable":true,"href":"https:\/\/gangwerk.ch\/shop\/wp-json\/wp\/v2\/product_cat?post=3601"},{"taxonomy":"product_tag","embeddable":true,"href":"https:\/\/gangwerk.ch\/shop\/wp-json\/wp\/v2\/product_tag?post=3601"}],"curies":[{"name":"wp","href":"https:\/\/api.w.org\/{rel}","templated":true}]}}