{"id":3182,"date":"2021-10-16T14:26:31","date_gmt":"2021-10-16T14:26:31","guid":{"rendered":"https:\/\/gangwerk.ch\/shop\/?post_type=product&#038;p=3182"},"modified":"2026-04-30T20:18:25","modified_gmt":"2026-04-30T20:18:25","slug":"flexinesstwindisc","status":"publish","type":"product","link":"https:\/\/gangwerk.ch\/shop\/produkt\/flexinesstwindisc\/","title":{"rendered":"TwinDisc"},"content":{"rendered":"<p>[et_pb_section fb_built=&#8220;1&#8243; _builder_version=&#8220;4.16&#8243; custom_padding=&#8220;0px||||false|false&#8220; da_disable_devices=&#8220;off|off|off&#8220; global_colors_info=&#8220;{}&#8220; da_is_popup=&#8220;off&#8220; da_exit_intent=&#8220;off&#8220; da_has_close=&#8220;on&#8220; da_alt_close=&#8220;off&#8220; da_dark_close=&#8220;off&#8220; da_not_modal=&#8220;on&#8220; da_is_singular=&#8220;off&#8220; da_with_loader=&#8220;off&#8220; da_has_shadow=&#8220;on&#8220;][et_pb_row _builder_version=&#8220;4.16&#8243; background_size=&#8220;initial&#8220; background_position=&#8220;top_left&#8220; background_repeat=&#8220;repeat&#8220; width=&#8220;100%&#8220; custom_padding=&#8220;0px||0px||false|false&#8220; global_colors_info=&#8220;{}&#8220;][et_pb_column type=&#8220;4_4&#8243; _builder_version=&#8220;4.16&#8243; custom_padding=&#8220;|||&#8220; global_colors_info=&#8220;{}&#8220; custom_padding__hover=&#8220;|||&#8220;][et_pb_button button_url=&#8220;https:\/\/gangwerk.ch\/shop\/produkte\/&#8220; button_text=&#8220;Zur\u00fcck&#8220; _builder_version=&#8220;4.27.0&#8243; _module_preset=&#8220;default&#8220; custom_button=&#8220;on&#8220; button_font=&#8220;&#8211;et_global_body_font|700||on|||||&#8220; button_icon=&#8220;&#x44;||divi||400&#8243; button_icon_color=&#8220;#FFFFFF&#8220; button_icon_placement=&#8220;left&#8220; button_on_hover=&#8220;off&#8220; custom_margin=&#8220;50px||60px|||&#8220; custom_padding=&#8220;|15px|||false|false&#8220; global_colors_info=&#8220;{}&#8220;][\/et_pb_button][et_pb_wc_cart_notice _builder_version=&#8220;4.16&#8243; global_colors_info=&#8220;{}&#8220;][\/et_pb_wc_cart_notice][\/et_pb_column][\/et_pb_row][et_pb_row column_structure=&#8220;1_2,1_2&#8243; _builder_version=&#8220;4.16&#8243; background_size=&#8220;initial&#8220; background_position=&#8220;top_left&#8220; background_repeat=&#8220;repeat&#8220; width=&#8220;100%&#8220; custom_padding=&#8220;0px||||false|false&#8220; global_colors_info=&#8220;{}&#8220;][et_pb_column type=&#8220;1_2&#8243; _builder_version=&#8220;4.16&#8243; custom_padding=&#8220;|||&#8220; global_colors_info=&#8220;{}&#8220; custom_padding__hover=&#8220;|||&#8220;][et_pb_wc_images _builder_version=&#8220;4.16&#8243; global_colors_info=&#8220;{}&#8220;][\/et_pb_wc_images][\/et_pb_column][et_pb_column type=&#8220;1_2&#8243; _builder_version=&#8220;4.16&#8243; custom_padding=&#8220;|||&#8220; global_colors_info=&#8220;{}&#8220; custom_padding__hover=&#8220;|||&#8220;][et_pb_wc_title _builder_version=&#8220;4.16&#8243; global_colors_info=&#8220;{}&#8220;][\/et_pb_wc_title][et_pb_wc_rating _builder_version=&#8220;4.16&#8243; global_colors_info=&#8220;{}&#8220;][\/et_pb_wc_rating][et_pb_wc_price _builder_version=&#8220;4.16&#8243; global_colors_info=&#8220;{}&#8220;][\/et_pb_wc_price][et_pb_wc_description _builder_version=&#8220;4.16&#8243; global_colors_info=&#8220;{}&#8220;][\/et_pb_wc_description][et_pb_wc_add_to_cart _builder_version=&#8220;4.16&#8243; global_colors_info=&#8220;{}&#8220;][\/et_pb_wc_add_to_cart][et_pb_wc_meta _builder_version=&#8220;4.16&#8243; global_colors_info=&#8220;{}&#8220;][\/et_pb_wc_meta][\/et_pb_column][\/et_pb_row][et_pb_row _builder_version=&#8220;4.16&#8243; background_size=&#8220;initial&#8220; background_position=&#8220;top_left&#8220; background_repeat=&#8220;repeat&#8220; width=&#8220;100%&#8220; global_colors_info=&#8220;{}&#8220;][et_pb_column type=&#8220;4_4&#8243; _builder_version=&#8220;4.16&#8243; custom_padding=&#8220;|||&#8220; global_colors_info=&#8220;{}&#8220; custom_padding__hover=&#8220;|||&#8220;][et_pb_wc_tabs _builder_version=&#8220;4.16&#8243; global_colors_info=&#8220;{}&#8220;] [\/et_pb_wc_tabs][et_pb_wc_upsells _builder_version=&#8220;4.16&#8243; global_colors_info=&#8220;{}&#8220;][\/et_pb_wc_upsells][et_pb_wc_related_products _builder_version=&#8220;4.16&#8243; global_colors_info=&#8220;{}&#8220;][\/et_pb_wc_related_products][\/et_pb_column][\/et_pb_row][\/et_pb_section]<\/p>\n","protected":false},"excerpt":{"rendered":"<p><img loading=\"lazy\" decoding=\"async\" class=\"alignnone wp-image-256\" src=\"https:\/\/gangwerk.ch\/shop\/wp-content\/uploads\/2018\/08\/pic_invis_gross-150x150.gif\" alt=\"\" width=\"15\" height=\"15\" srcset=\"https:\/\/gangwerk.ch\/shop\/wp-content\/uploads\/2018\/08\/pic_invis_gross-150x150.gif 150w, https:\/\/gangwerk.ch\/shop\/wp-content\/uploads\/2018\/08\/pic_invis_gross-400x400.gif 400w, https:\/\/gangwerk.ch\/shop\/wp-content\/uploads\/2018\/08\/pic_invis_gross-100x100.gif 100w\" sizes=\"(max-width: 15px) 100vw, 15px\" \/><br \/>\n<strong>SCHWEIZER DESIGN<\/strong> \u2013 Pr\u00e4zision und Qualit\u00e4t f\u00fcr deinen Hund<br \/>\n<strong>ENTWICKELT VON PROFIS<\/strong> \u2013 Trainer- und Therapeuten-Expertise inklusive<br \/>\n<strong>EFFEKTIVE GER\u00c4TE<\/strong> \u2013 F\u00fcr sicheres und erfolgreiches Hundetraining<br \/>\n<img loading=\"lazy\" decoding=\"async\" class=\"alignnone wp-image-256\" src=\"https:\/\/gangwerk.ch\/shop\/wp-content\/uploads\/2018\/08\/pic_invis_gross-150x150.gif\" alt=\"\" width=\"15\" height=\"15\" srcset=\"https:\/\/gangwerk.ch\/shop\/wp-content\/uploads\/2018\/08\/pic_invis_gross-150x150.gif 150w, https:\/\/gangwerk.ch\/shop\/wp-content\/uploads\/2018\/08\/pic_invis_gross-400x400.gif 400w, https:\/\/gangwerk.ch\/shop\/wp-content\/uploads\/2018\/08\/pic_invis_gross-100x100.gif 100w\" sizes=\"(max-width: 15px) 100vw, 15px\" \/><\/p>\n","protected":false},"featured_media":9174,"comment_status":"open","ping_status":"closed","template":"","meta":{"_et_pb_use_builder":"on","_et_pb_old_content":"<h3>TwinDisc \u2013 Unser Champion<\/h3>\r\n<p data-start=\"78\" data-end=\"431\">Rechteckige Disc mit abgerundeten Enden, beidseitig mit Noppen versehen f\u00fcr besonders sicheren Stand und selbstbewusste Bewegung. Vollst\u00e4ndig aufblasbar und formstabil, mit einem Design, dass auch bei hoher belastung nicht \u00fcber die Kante rollt. Die Stabilit\u00e4t der TainDisc l\u00e4sst sich durch Aufpumpen oder ablassen der Luft anpassen \u2013 mehr Wackeln, mehr Kontrolle.<\/p>\r\n<p data-start=\"433\" data-end=\"874\">Entwickelt f\u00fcr Core-Aktivierung, Balance und Propriozeption, passt die TwinDisc perfekt zu allen anderen Flexiness\u00ae-Ger\u00e4ten \u2013 stapeln, kombinieren oder nebeneinander verwenden f\u00fcr endlose Trainingsm\u00f6glichkeiten. Ideal f\u00fcr Familienhunde, Sporthunde und Hunde in Rehabilitation oder Therapie. Am besten auf rutschfesten Untergr\u00fcnden verwenden \u2013 halte den Trainingsbereich frei von scharfen Gegenst\u00e4nden, um sichere Sessions zu gew\u00e4hrleisten.<\/p>\r\n<p data-start=\"876\" data-end=\"1040\" data-is-last-node=\"\" data-is-only-node=\"\">Vielseitig. Langlebig. Flexiness\u00ae-bereit. Unser Top-Inflatable, entwickelt f\u00fcr Training drinnen, drau\u00dfen oder \u00fcberall, wo dein Hund gezielt in Bewegung sein m\u00f6chte.<\/p>\r\n[embed]https:\/\/youtube.com\/shorts\/bHFVgR07hHs?si=JXxl6l3NoYzERpy3[\/embed]","_et_gb_content_width":"","advanced_seo_description":"","jetpack_seo_html_title":"","jetpack_seo_noindex":false},"product_brand":[],"product_cat":[12],"product_tag":[],"class_list":{"0":"post-3182","1":"product","2":"type-product","3":"status-publish","4":"has-post-thumbnail","6":"product_cat-flexiness-discs","7":"product_shipping_class-swiss-post","9":"first","10":"instock","11":"featured","12":"taxable","13":"shipping-taxable","14":"purchasable","15":"product-type-variable"},"jetpack_sharing_enabled":true,"_links":{"self":[{"href":"https:\/\/gangwerk.ch\/shop\/wp-json\/wp\/v2\/product\/3182","targetHints":{"allow":["GET"]}}],"collection":[{"href":"https:\/\/gangwerk.ch\/shop\/wp-json\/wp\/v2\/product"}],"about":[{"href":"https:\/\/gangwerk.ch\/shop\/wp-json\/wp\/v2\/types\/product"}],"replies":[{"embeddable":true,"href":"https:\/\/gangwerk.ch\/shop\/wp-json\/wp\/v2\/comments?post=3182"}],"wp:featuredmedia":[{"embeddable":true,"href":"https:\/\/gangwerk.ch\/shop\/wp-json\/wp\/v2\/media\/9174"}],"wp:attachment":[{"href":"https:\/\/gangwerk.ch\/shop\/wp-json\/wp\/v2\/media?parent=3182"}],"wp:term":[{"taxonomy":"product_brand","embeddable":true,"href":"https:\/\/gangwerk.ch\/shop\/wp-json\/wp\/v2\/product_brand?post=3182"},{"taxonomy":"product_cat","embeddable":true,"href":"https:\/\/gangwerk.ch\/shop\/wp-json\/wp\/v2\/product_cat?post=3182"},{"taxonomy":"product_tag","embeddable":true,"href":"https:\/\/gangwerk.ch\/shop\/wp-json\/wp\/v2\/product_tag?post=3182"}],"curies":[{"name":"wp","href":"https:\/\/api.w.org\/{rel}","templated":true}]}}