{"id":8960,"date":"2025-09-09T11:32:18","date_gmt":"2025-09-09T11:32:18","guid":{"rendered":"https:\/\/gangwerk.ch\/shop\/?page_id=8960"},"modified":"2025-09-11T11:18:10","modified_gmt":"2025-09-11T11:18:10","slug":"trainers-favourite","status":"publish","type":"page","link":"https:\/\/gangwerk.ch\/shop\/trainers-favourite\/","title":{"rendered":"Trainer&#8217;s Favourite"},"content":{"rendered":"<p>[et_pb_section fb_built=&#8220;1&#8243; admin_label=&#8220;Hero&#8220; _builder_version=&#8220;4.27.4&#8243; _module_preset=&#8220;74c69059-8e69-4122-b1e6-dfeabf6c5711&#8243; background_color=&#8220;#CAB3E1&#8243; background_enable_image=&#8220;off&#8220; custom_padding=&#8220;6vw||3vw||false|false&#8220; bottom_divider_style=&#8220;waves2&#8243; bottom_divider_color=&#8220;#CAB3E1&#8243; bottom_divider_height=&#8220;10vw&#8220; bottom_divider_flip=&#8220;horizontal&#8220; da_disable_devices=&#8220;off|off|off&#8220; locked=&#8220;off&#8220; collapsed=&#8220;on&#8220; global_colors_info=&#8220;{}&#8220; da_is_popup=&#8220;off&#8220; da_exit_intent=&#8220;off&#8220; da_has_close=&#8220;on&#8220; da_alt_close=&#8220;off&#8220; da_dark_close=&#8220;off&#8220; da_not_modal=&#8220;on&#8220; da_is_singular=&#8220;off&#8220; da_with_loader=&#8220;off&#8220; da_has_shadow=&#8220;on&#8220;][et_pb_row column_structure=&#8220;3_5,2_5&#8243; _builder_version=&#8220;4.18.0&#8243; _module_preset=&#8220;5138c454-be54-4233-bd3b-f8e6a8747976&#8243; locked=&#8220;off&#8220; global_colors_info=&#8220;{}&#8220;][et_pb_column type=&#8220;3_5&#8243; _builder_version=&#8220;4.16&#8243; _module_preset=&#8220;73121f80-a3ef-4484-8763-c3f18e3c56d2&#8243; global_colors_info=&#8220;{}&#8220;][et_pb_image src=&#8220;https:\/\/gangwerk.ch\/shop\/wp-content\/uploads\/2025\/09\/Logo_TrainersFavourites-1.png&#8220; title_text=&#8220;Logo_TrainersFavourites&#8220; _builder_version=&#8220;4.27.4&#8243; _module_preset=&#8220;1cc6152f-565c-4c4d-b0c9-cf8c9576c341&#8243; border_radii=&#8220;on|6px|6px|6px|6px&#8220; locked=&#8220;off&#8220; global_colors_info=&#8220;{}&#8220;][\/et_pb_image][\/et_pb_column][et_pb_column type=&#8220;2_5&#8243; _builder_version=&#8220;4.16&#8243; _module_preset=&#8220;73121f80-a3ef-4484-8763-c3f18e3c56d2&#8243; global_colors_info=&#8220;{}&#8220;][et_pb_text quote_border_color=&#8220;#FFFFFF&#8220; _builder_version=&#8220;4.27.4&#8243; _module_preset=&#8220;0504de1e-f5ff-4281-ba60-cbbe4edf98bc&#8220; text_font=&#8220;&#8211;et_global_body_font|Poppins_weight|||||||&#8220; text_text_color=&#8220;#FFFFFF&#8220; text_font_size=&#8220;16px&#8220; text_line_height=&#8220;1.75em&#8220; link_font=&#8220;||||on||||&#8220; link_text_color=&#8220;#FFFFFF&#8220; quote_font=&#8220;Abril Fatface|Abril Fatface_weight|||||||&#8220; quote_text_color=&#8220;#FFFFFF&#8220; header_font=&#8220;Abril Fatface|Abril Fatface_weight|||||||&#8220; header_text_color=&#8220;#FFFFFF&#8220; header_font_size=&#8220;72px&#8220; header_line_height=&#8220;1.15em&#8220; header_2_font=&#8220;Abril Fatface|Abril Fatface_weight|||||||&#8220; header_2_text_color=&#8220;#FFFFFF&#8220; header_2_font_size=&#8220;50px&#8220; header_2_line_height=&#8220;1.2em&#8220; header_3_font=&#8220;Abril Fatface|Abril Fatface_weight|||||||&#8220; header_3_text_color=&#8220;#FFFFFF&#8220; header_3_font_size=&#8220;32px&#8220; header_3_line_height=&#8220;1.3em&#8220; header_4_font=&#8220;Abril Fatface|Abril Fatface_weight|||||||&#8220; header_4_text_color=&#8220;#FFFFFF&#8220; header_4_font_size=&#8220;24px&#8220; header_4_line_height=&#8220;1.4em&#8220; header_5_font=&#8220;Abril Fatface|Abril Fatface_weight|||||||&#8220; header_5_text_color=&#8220;#FFFFFF&#8220; header_5_font_size=&#8220;18px&#8220; header_5_line_height=&#8220;1.4em&#8220; header_6_font=&#8220;Abril Fatface|Abril Fatface_weight|||||||&#8220; header_6_text_color=&#8220;#FFFFFF&#8220; header_6_line_height=&#8220;1.5em&#8220; custom_margin=&#8220;73px||||false|false&#8220; text_font_size_tablet=&#8220;15px&#8220; text_font_size_phone=&#8220;14px&#8220; text_font_size_last_edited=&#8220;on|phone&#8220; header_font_size_tablet=&#8220;40px&#8220; header_font_size_phone=&#8220;24px&#8220; header_font_size_last_edited=&#8220;on|desktop&#8220; header_2_font_size_tablet=&#8220;28px&#8220; header_2_font_size_phone=&#8220;20px&#8220; header_2_font_size_last_edited=&#8220;on|phone&#8220; header_3_font_size_tablet=&#8220;22px&#8220; header_3_font_size_phone=&#8220;17px&#8220; header_3_font_size_last_edited=&#8220;on|phone&#8220; header_4_font_size_tablet=&#8220;18px&#8220; header_4_font_size_phone=&#8220;15px&#8220; header_4_font_size_last_edited=&#8220;on|tablet&#8220; header_5_font_size_tablet=&#8220;15px&#8220; header_5_font_size_phone=&#8220;14px&#8220; header_5_font_size_last_edited=&#8220;on|desktop&#8220; header_6_font_size_tablet=&#8220;13px&#8220; header_6_font_size_phone=&#8220;13px&#8220; header_6_font_size_last_edited=&#8220;on|desktop&#8220; locked=&#8220;off&#8220; global_colors_info=&#8220;{}&#8220;]<\/p>\n<p data-start=\"100\" data-end=\"305\">Hol dir das Flexiness\u00ae Equipment, das dein Trainer am liebsten nutzt \u2013 im praktischen Bundle mit <strong data-start=\"186\" data-end=\"205\">Extra-Rabatt<\/strong>.<br data-start=\"206\" data-end=\"209\" \/>Dazu erh\u00e4ltst du ein <strong data-start=\"230\" data-end=\"250\">exklusives Video<\/strong>, in dem dein Trainer seine Lieblings\u00fcbung(en) zeigt.<\/p>\n<p data-start=\"307\" data-end=\"370\">So trainierst du direkt mit den besten Tipps aus erster Hand.<\/p>\n<p>[\/et_pb_text][\/et_pb_column][\/et_pb_row][\/et_pb_section][et_pb_section fb_built=&#8220;1&#8243; prev_background_color=&#8220;#CAB3E1&#8243; admin_label=&#8220;Call to Action&#8220; _builder_version=&#8220;4.27.4&#8243; _module_preset=&#8220;default&#8220; top_divider_style=&#8220;wave2&#8243; da_disable_devices=&#8220;off|off|off&#8220; locked=&#8220;off&#8220; collapsed=&#8220;on&#8220; global_colors_info=&#8220;{}&#8220; da_is_popup=&#8220;off&#8220; da_exit_intent=&#8220;off&#8220; da_has_close=&#8220;on&#8220; da_alt_close=&#8220;off&#8220; da_dark_close=&#8220;off&#8220; da_not_modal=&#8220;on&#8220; da_is_singular=&#8220;off&#8220; da_with_loader=&#8220;off&#8220; da_has_shadow=&#8220;on&#8220;][et_pb_row column_structure=&#8220;1_2,1_2&#8243; _builder_version=&#8220;4.17.6&#8243; _module_preset=&#8220;5138c454-be54-4233-bd3b-f8e6a8747976&#8243; custom_margin=&#8220;50px|auto||auto||&#8220; global_colors_info=&#8220;{}&#8220;][et_pb_column type=&#8220;1_2&#8243; _builder_version=&#8220;4.16&#8243; _module_preset=&#8220;73121f80-a3ef-4484-8763-c3f18e3c56d2&#8243; global_colors_info=&#8220;{}&#8220;][et_pb_heading title=&#8220;meet kelly&#8230;&#8220; _builder_version=&#8220;4.27.4&#8243; _module_preset=&#8220;c33f07d9-41e0-421a-8799-5799df695cce&#8220; title_level=&#8220;h2&#8243; title_font=&#8220;&#8211;et_global_heading_font|Abril Fatface_weight|||||||&#8220; title_text_color=&#8220;#5C068C&#8220; title_font_size=&#8220;50px&#8220; title_line_height=&#8220;1.2em&#8220; custom_margin=&#8220;||10px||false|false&#8220; title_font_size_tablet=&#8220;28px&#8220; title_font_size_phone=&#8220;20px&#8220; title_font_size_last_edited=&#8220;on|phone&#8220; global_colors_info=&#8220;{}&#8220;][\/et_pb_heading][et_pb_video src=&#8220;https:\/\/gangwerk.ch\/shop\/wp-content\/uploads\/2025\/09\/TrainerFavouriteKelly.mp4&#8243; _builder_version=&#8220;4.27.4&#8243; _module_preset=&#8220;default&#8220; custom_margin=&#8220;8px|||||&#8220; box_shadow_style=&#8220;preset2&#8243; global_colors_info=&#8220;{}&#8220;][\/et_pb_video][\/et_pb_column][et_pb_column type=&#8220;1_2&#8243; _builder_version=&#8220;4.16&#8243; _module_preset=&#8220;73121f80-a3ef-4484-8763-c3f18e3c56d2&#8243; global_colors_info=&#8220;{}&#8220;][et_pb_text quote_border_color=&#8220;#57cc99&#8243; _builder_version=&#8220;4.27.4&#8243; _module_preset=&#8220;2c55a9c4-feed-423b-9edb-ae0b5b365cac&#8220; text_font=&#8220;&#8211;et_global_body_font|Poppins_weight|||||||&#8220; text_text_color=&#8220;#3c3a47&#8243; text_font_size=&#8220;16px&#8220; text_line_height=&#8220;1.75em&#8220; link_font=&#8220;|Poppins_weight|||||||&#8220; link_text_color=&#8220;#22577a&#8220; quote_font=&#8220;Abril Fatface|Abril Fatface_weight|||||||&#8220; quote_text_color=&#8220;#0e0c19&#8243; header_font=&#8220;Abril Fatface|Abril Fatface_weight|||||||&#8220; header_text_color=&#8220;#0e0c19&#8243; header_font_size=&#8220;72px&#8220; header_line_height=&#8220;1.15em&#8220; header_2_font=&#8220;Abril Fatface|Abril Fatface_weight|||||||&#8220; header_2_text_color=&#8220;#0e0c19&#8243; header_2_font_size=&#8220;50px&#8220; header_2_line_height=&#8220;1.2em&#8220; header_3_font=&#8220;Abril Fatface|Abril Fatface_weight|||||||&#8220; header_3_text_color=&#8220;#0e0c19&#8243; header_3_font_size=&#8220;32px&#8220; header_3_line_height=&#8220;1.3em&#8220; header_4_font=&#8220;Abril Fatface|Abril Fatface_weight|||||||&#8220; header_4_text_color=&#8220;#0e0c19&#8243; header_4_font_size=&#8220;24px&#8220; header_4_line_height=&#8220;1.4em&#8220; header_5_font=&#8220;Abril Fatface|Abril Fatface_weight|||||||&#8220; header_5_text_color=&#8220;#0e0c19&#8243; header_5_font_size=&#8220;18px&#8220; header_5_line_height=&#8220;1.4em&#8220; header_6_font=&#8220;Abril Fatface|Abril Fatface_weight|||||||&#8220; header_6_text_color=&#8220;#0e0c19&#8243; header_6_line_height=&#8220;1.5em&#8220; custom_margin=&#8220;75px||||false|false&#8220; text_font_size_tablet=&#8220;15px&#8220; text_font_size_phone=&#8220;14px&#8220; text_font_size_last_edited=&#8220;on|phone&#8220; header_font_size_tablet=&#8220;40px&#8220; header_font_size_phone=&#8220;24px&#8220; header_font_size_last_edited=&#8220;on|desktop&#8220; header_2_font_size_tablet=&#8220;28px&#8220; header_2_font_size_phone=&#8220;20px&#8220; header_2_font_size_last_edited=&#8220;on|phone&#8220; header_3_font_size_tablet=&#8220;22px&#8220; header_3_font_size_phone=&#8220;17px&#8220; header_3_font_size_last_edited=&#8220;on|phone&#8220; header_4_font_size_tablet=&#8220;18px&#8220; header_4_font_size_phone=&#8220;15px&#8220; header_4_font_size_last_edited=&#8220;on|tablet&#8220; header_5_font_size_tablet=&#8220;15px&#8220; header_5_font_size_phone=&#8220;14px&#8220; header_5_font_size_last_edited=&#8220;on|desktop&#8220; header_6_font_size_tablet=&#8220;13px&#8220; header_6_font_size_phone=&#8220;13px&#8220; header_6_font_size_last_edited=&#8220;on|desktop&#8220; locked=&#8220;off&#8220; global_colors_info=&#8220;{}&#8220;]<\/p>\n<p data-start=\"175\" data-end=\"237\">Hol dir jetzt das <strong data-start=\"193\" data-end=\"211\">Kelly\u2019s Bundle<\/strong> und profitiere doppelt:<\/p>\n<ul data-start=\"238\" data-end=\"368\">\n<li data-start=\"238\" data-end=\"284\">\n<p data-start=\"240\" data-end=\"284\"><strong data-start=\"240\" data-end=\"259\">Extra-Rabatt<\/strong> auf das gesamte Bundle<\/p>\n<\/li>\n<li data-start=\"285\" data-end=\"368\">\n<p data-start=\"287\" data-end=\"368\"><strong data-start=\"287\" data-end=\"307\">Exklusives Video<\/strong>: Kelly zeigt dir ihre Lieblings\u00fcbung(en) mit dem Equipment<\/p>\n<\/li>\n<\/ul>\n<p data-start=\"370\" data-end=\"501\">So bekommst du nicht nur die richtige Ausstattung, sondern auch direkt die besten Ideen, wie du sie im Training einsetzen kannst.<\/p>\n<p>[\/et_pb_text][et_pb_button button_text=&#8220;Kelly&#8217;s bundle &#8220; button_alignment=&#8220;right&#8220; _builder_version=&#8220;4.27.4&#8243; _module_preset=&#8220;ab15fb74-61a3-43aa-96b3-41e09aeef654&#8243; custom_margin=&#8220;47px|||||&#8220; custom_padding=&#8220;12px|24px|12px|24px|true|true&#8220; hover_enabled=&#8220;0&#8243; locked=&#8220;off&#8220; global_colors_info=&#8220;{}&#8220; button_url=&#8220;@ET-DC@eyJkeW5hbWljIjp0cnVlLCJjb250ZW50IjoicG9zdF9saW5rX3VybF9wcm9kdWN0Iiwic2V0dGluZ3MiOnsicG9zdF9pZCI6IjkwMjEifX0=@&#8220; _dynamic_attributes=&#8220;button_url&#8220; sticky_enabled=&#8220;0&#8243;][\/et_pb_button][\/et_pb_column][\/et_pb_row][et_pb_row _builder_version=&#8220;4.27.4&#8243; _module_preset=&#8220;default&#8220; global_colors_info=&#8220;{}&#8220;][et_pb_column type=&#8220;4_4&#8243; _builder_version=&#8220;4.27.4&#8243; _module_preset=&#8220;default&#8220; global_colors_info=&#8220;{}&#8220;][et_pb_toggle title=&#8220;Kelly&#8217;s Bio, Info &#038; mehr&#8220; open_toggle_text_color=&#8220;#5C068C&#8220; closed_toggle_background_color=&#8220;#CAB3E1&#8243; icon_color=&#8220;#5C068C&#8220; _builder_version=&#8220;4.27.4&#8243; _module_preset=&#8220;default&#8220; title_text_color=&#8220;#FFFFFF&#8220; custom_margin=&#8220;12px|||||&#8220; global_colors_info=&#8220;{}&#8220;]<\/p>\n<p data-start=\"57\" data-end=\"513\">Kelly (sie\/ihr) lebt derzeit in Waikato, Neuseeland, zusammen mit ihrer menschlichen Familie, sechs Hunden und einigen Katzen. Sie arbeitet sowohl als Biologie-Lehrerin an einer High School als auch als Trainerin f\u00fcr Menschen und ihre Hunde bei <strong data-start=\"302\" data-end=\"342\">Hybrid Dog Training &amp; Rehabilitation<\/strong>. Bevor sie in die Hundetraining-Welt einstieg, hatte Kelly einen wissenschaftlichen Hintergrund (BSc, MSc von der Universit\u00e4t Otago) und arbeitete als Tierarzthelferin.<\/p>\n<p data-start=\"515\" data-end=\"1120\">Kelly hat eine Vielzahl von Hunden geliebt, trainiert und im Wettkampf gef\u00fchrt, darunter Border Collies, einen Husky-Mix, einen Heading Dog, einen Terrier-Mix und Working Cocker Spaniels. Ihre Hunde haben Titel in einer breiten Palette von Sportarten erworben, darunter Agility, Jumpers, Obedience, Rally-O, Flygility, Tricks und mehr. Kelly hat mehrere Hunde zu Champion-Titeln in Agility, Jumpers, Flygility und Tricks gef\u00fchrt. Kelly und ihr Hund Deo traten au\u00dferdem in der neuseel\u00e4ndischen TV-Show <strong data-start=\"1016\" data-end=\"1034\">\u201eDog Almighty\u201c<\/strong> auf, und Kelly sowie ihr Team haben viele kommerzielle Werbeauftr\u00e4ge abgeschlossen.<\/p>\n<p data-start=\"1122\" data-end=\"1553\">Im Jahr 2018 absolvierte Kelly das <strong data-start=\"1157\" data-end=\"1199\">Certificate of Canine Fitness Training<\/strong> bei FitPaws und der University of Tennessee, einschlie\u00dflich einer Reise in die USA f\u00fcr praktische Labore. Sie hat umfangreiche Online- und Pr\u00e4senz-Fortbildungen aus zahlreichen Quellen abgeschlossen. K\u00fcrzlich wurde sie SSANZ-Nosework-Richterin, schloss ihr <strong data-start=\"1457\" data-end=\"1494\">Diplom in Exercise Rehabilitation<\/strong> ab und studiert derzeit Hydrotherapie und Lasertherapie.<\/p>\n<p data-start=\"1555\" data-end=\"2226\">Kellys Unternehmen <strong data-start=\"1574\" data-end=\"1614\">Hybrid Dog Training &amp; Rehabilitation<\/strong> betrachtet den Hund ganzheitlich und stellt sicher, dass er sowohl k\u00f6rperlich als auch geistig gesund ist. Dies umfasst Aspekte wie Fitness, Ern\u00e4hrung, Trainingsmethoden, kooperative Pflege, sportartspezifisches Handling, Entspannung und Bereicherung, Emotionen und Verhalten. Sie legt gro\u00dfen Wert darauf, beim Training sauber zu arbeiten, klare Trainingsmethoden zu nutzen und Strategien f\u00fcr eindeutige und konsistente Kommunikation zu entwickeln. Ihre Leidenschaft (und Spezialgebiet) liegt in der Erstellung von <strong data-start=\"2130\" data-end=\"2195\">sportartspezifischen Rehabilitations- und Trainingsprogrammen<\/strong> f\u00fcr Arbeits- und Sporthunde.<\/p>\n<p data-start=\"2228\" data-end=\"2549\">Derzeit ist Kelly Mitglied des Lehrk\u00f6rpers an der <strong data-start=\"2278\" data-end=\"2306\">Fenzi Dog Sports Academy<\/strong>, tr\u00e4gt zur <strong data-start=\"2318\" data-end=\"2339\">Agility Challenge<\/strong> und zu <strong data-start=\"2347\" data-end=\"2363\">OneMind Dogs<\/strong> Online-Plattformen im Bereich Canine Fitness Training bei, bietet Trainingsm\u00f6glichkeiten und Kurse auf ihrer eigenen Website an und arbeitet au\u00dferdem im pers\u00f6nlichen Training vor Ort.<\/p>\n<h4><span style=\"font-weight: 400;\"><br \/>Current qualifications and memberships include:\u00a0<\/span><\/h4>\n<ul>\n<li><span style=\"font-weight: 400;\">BSc Zoology<\/span><\/li>\n<li style=\"font-weight: 400;\" aria-level=\"1\"><span style=\"font-weight: 400;\">MSc Zoology \/ physiology<\/span><\/li>\n<li style=\"font-weight: 400;\" aria-level=\"1\"><span style=\"font-weight: 400;\">Postgraduate Diploma in Secondary Teaching<\/span><\/li>\n<li style=\"font-weight: 400;\" aria-level=\"1\"><span style=\"font-weight: 400;\">Certified Canine Fitness Trainer<\/span><\/li>\n<li style=\"font-weight: 400;\" aria-level=\"1\"><span style=\"font-weight: 400;\">Fear Free certified trainer<\/span><\/li>\n<li style=\"font-weight: 400;\" aria-level=\"1\"><span style=\"font-weight: 400;\">UpDog DIsk Judge<\/span><\/li>\n<li style=\"font-weight: 400;\" aria-level=\"1\"><span style=\"font-weight: 400;\">Contributor of Canine FItness and MIndfulness challenges to the international \u2018Agility Challenge\u2019<\/span><\/li>\n<li style=\"font-weight: 400;\" aria-level=\"1\"><span style=\"font-weight: 400;\">Fenzi Dog Sports Academy Sports Foundation Trainer<\/span><\/li>\n<li style=\"font-weight: 400;\" aria-level=\"1\"><span style=\"font-weight: 400;\">Fenzi Dog Sports Academy Facility Staff member<\/span><\/li>\n<li style=\"font-weight: 400;\" aria-level=\"1\"><span style=\"font-weight: 400;\">Dogs Naturally Certified Raw Food Specialist<\/span><\/li>\n<li style=\"font-weight: 400;\" aria-level=\"1\"><span style=\"font-weight: 400;\">Member of the APDTNZ<\/span><\/li>\n<li style=\"font-weight: 400;\" aria-level=\"1\"><span style=\"font-weight: 400;\">Member of the IAABC<\/span><\/li>\n<li style=\"font-weight: 400;\" aria-level=\"1\"><span style=\"font-weight: 400;\">SSANZ Novice level Nosework Judge<\/span><\/li>\n<li style=\"font-weight: 400;\" aria-level=\"1\"><span style=\"font-weight: 400;\">Certificate in Canine Mobility<\/span><\/li>\n<li style=\"font-weight: 400;\" aria-level=\"1\"><span style=\"font-weight: 400;\">Certified Canine Myofascial Release (massage)\u00a0<\/span><\/li>\n<li style=\"font-weight: 400;\" aria-level=\"1\"><span style=\"font-weight: 400;\">Certified Canine Exercise Rehabilitation Therapist<\/span><\/li>\n<\/ul>\n<p data-start=\"2228\" data-end=\"2549\"><span style=\"font-weight: 400;\">Website: <\/span><a href=\"https:\/\/www.hybriddogtraining.com\/\"><span style=\"font-weight: 400;\">https:\/\/www.hybriddogtraining.com\/<\/span><\/a><span style=\"font-weight: 400;\">\u00a0<\/span><\/p>\n<p><span style=\"font-weight: 400;\">Facebook: <\/span><a href=\"https:\/\/www.facebook.com\/hybriddog\"><span style=\"font-weight: 400;\">https:\/\/www.facebook.com\/hybriddog<\/span><\/a><span style=\"font-weight: 400;\">\u00a0<\/span><\/p>\n<p><span style=\"font-weight: 400;\">Instagram: @HybridDogTraining\u00a0<\/span><\/p>\n<p><span style=\"font-weight: 400;\">YouTube: <\/span><a href=\"https:\/\/www.youtube.com\/channel\/UCnx7DSWUvEyTdUSfAzxwBfQ\"><span style=\"font-weight: 400;\">https:\/\/www.youtube.com\/channel\/UCnx7DSWUvEyTdUSfAzxwBfQ<\/span><\/a><span style=\"font-weight: 400;\">\u00a0<\/span><\/p>\n<p><span style=\"font-weight: 400;\">Email: hybriddogtraining@gmail.com<\/span><\/p>\n<p>[\/et_pb_toggle][\/et_pb_column][\/et_pb_row][\/et_pb_section]<\/p>\n","protected":false},"excerpt":{"rendered":"<p>Hol dir das Flexiness\u00ae Equipment, das dein Trainer am liebsten nutzt \u2013 im praktischen Bundle mit Extra-Rabatt.Dazu erh\u00e4ltst du ein exklusives Video, in dem dein Trainer seine Lieblings\u00fcbung(en) zeigt. So trainierst du direkt mit den besten Tipps aus erster Hand.Hol dir jetzt das Kelly\u2019s Bundle und profitiere doppelt: Extra-Rabatt auf das gesamte Bundle Exklusives Video: Kelly zeigt dir ihre Lieblings\u00fcbung(en) mit dem Equipment So bekommst du nicht nur die richtige Ausstattung, sondern auch direkt die besten Ideen, wie du sie im Training einsetzen kannst.Kelly (sie\/ihr) lebt derzeit in Waikato, Neuseeland, zusammen mit ihrer menschlichen Familie, sechs Hunden und einigen Katzen. Sie arbeitet sowohl als Biologie-Lehrerin an einer High School als auch als Trainerin f\u00fcr Menschen und ihre Hunde bei Hybrid Dog Training &amp; Rehabilitation. Bevor sie in die Hundetraining-Welt einstieg, hatte Kelly einen wissenschaftlichen Hintergrund (BSc, MSc von der Universit\u00e4t Otago) und arbeitete als Tierarzthelferin. Kelly hat eine Vielzahl von Hunden geliebt, trainiert und im Wettkampf gef\u00fchrt, darunter Border Collies, einen Husky-Mix, einen Heading Dog, einen Terrier-Mix und Working Cocker Spaniels. Ihre Hunde haben Titel in einer breiten Palette von Sportarten erworben, darunter Agility, Jumpers, Obedience, Rally-O, Flygility, Tricks und mehr. Kelly hat mehrere Hunde zu Champion-Titeln in Agility, Jumpers, [&hellip;]<\/p>\n","protected":false},"author":1,"featured_media":0,"parent":0,"menu_order":0,"comment_status":"closed","ping_status":"closed","template":"","meta":{"_et_pb_use_builder":"on","_et_pb_old_content":"","_et_gb_content_width":"","advanced_seo_description":"","jetpack_seo_html_title":"","jetpack_seo_noindex":false,"footnotes":""},"class_list":["post-8960","page","type-page","status-publish","hentry"],"jetpack_sharing_enabled":true,"_links":{"self":[{"href":"https:\/\/gangwerk.ch\/shop\/wp-json\/wp\/v2\/pages\/8960","targetHints":{"allow":["GET"]}}],"collection":[{"href":"https:\/\/gangwerk.ch\/shop\/wp-json\/wp\/v2\/pages"}],"about":[{"href":"https:\/\/gangwerk.ch\/shop\/wp-json\/wp\/v2\/types\/page"}],"author":[{"embeddable":true,"href":"https:\/\/gangwerk.ch\/shop\/wp-json\/wp\/v2\/users\/1"}],"replies":[{"embeddable":true,"href":"https:\/\/gangwerk.ch\/shop\/wp-json\/wp\/v2\/comments?post=8960"}],"version-history":[{"count":17,"href":"https:\/\/gangwerk.ch\/shop\/wp-json\/wp\/v2\/pages\/8960\/revisions"}],"predecessor-version":[{"id":9044,"href":"https:\/\/gangwerk.ch\/shop\/wp-json\/wp\/v2\/pages\/8960\/revisions\/9044"}],"wp:attachment":[{"href":"https:\/\/gangwerk.ch\/shop\/wp-json\/wp\/v2\/media?parent=8960"}],"curies":[{"name":"wp","href":"https:\/\/api.w.org\/{rel}","templated":true}]}}