{"id":337,"date":"2018-08-14T14:46:22","date_gmt":"2018-08-14T14:46:22","guid":{"rendered":"http:\/\/gangwerk.ch\/shop\/?page_id=337"},"modified":"2021-07-09T07:39:52","modified_gmt":"2021-07-09T07:39:52","slug":"bezahlen-in-e","status":"publish","type":"page","link":"https:\/\/gangwerk.ch\/shop\/bezahlen-in-e\/","title":{"rendered":"Ausland? Bezahlen in \u20ac?"},"content":{"rendered":"<p>[et_pb_section fb_built=&#8220;1&#8243; admin_label=&#8220;section&#8220; _builder_version=&#8220;3.22&#8243;][et_pb_row admin_label=&#8220;row&#8220; _builder_version=&#8220;3.25&#8243; background_size=&#8220;initial&#8220; background_position=&#8220;top_left&#8220; background_repeat=&#8220;repeat&#8220;][et_pb_column type=&#8220;4_4&#8243; _builder_version=&#8220;3.25&#8243; custom_padding=&#8220;|||&#8220; custom_padding__hover=&#8220;|||&#8220;][et_pb_text _builder_version=&#8220;4.9.7&#8243; _module_preset=&#8220;default&#8220; hover_enabled=&#8220;0&#8243; sticky_enabled=&#8220;0&#8243;]<\/p>\n<h1>Bezahlen in \u20ac?<\/h1>\n<p>[\/et_pb_text][et_pb_text admin_label=&#8220;Text&#8220; _builder_version=&#8220;4.9.7&#8243; background_size=&#8220;initial&#8220; background_position=&#8220;top_left&#8220; background_repeat=&#8220;repeat&#8220; hover_enabled=&#8220;0&#8243; sticky_enabled=&#8220;0&#8243;]<\/p>\n<div class=\"entry-content\">\n<p><strong>Bestellungen aus dem Ausland!<\/strong><br \/>Bitte\u00a0 beachte, dass allf\u00e4llige Z\u00f6lle und die MwSt. anfallen k\u00f6nnen.<\/p>\n<p>Du m\u00f6chtest die Bestellung per SEPA-\u00dcberweisung in \u20ac bezahlen?<br \/>Kein Problem!<br \/>Bitte hinterlasse uns im Kommentarfeld eine Bemerkung und wir werden uns mit der umgerechneten Summe bei Dir melden sobald deine Bestellung bei uns eingegangen ist.<\/p>\n<p><strong>Bitte beachte, dass alle Rechnungen trotzdem in CHF ausgestellt werden.<\/strong><br \/><strong>Die Bezahlung in \u20ac ist lediglich eine Dienstleistung die wir unseren Kunden anbieten.<\/strong><\/p>\n<\/div>\n<p>[\/et_pb_text][\/et_pb_column][\/et_pb_row][\/et_pb_section]<\/p>\n","protected":false},"excerpt":{"rendered":"<p>Bezahlen in \u20ac? Bestellungen aus dem Ausland!Bitte\u00a0 beachte, dass allf\u00e4llige Z\u00f6lle und die MwSt. anfallen k\u00f6nnen. Du m\u00f6chtest die Bestellung per SEPA-\u00dcberweisung in \u20ac bezahlen?Kein Problem!Bitte hinterlasse uns im Kommentarfeld eine Bemerkung und wir werden uns mit der umgerechneten Summe bei Dir melden sobald deine Bestellung bei uns eingegangen ist. Bitte beachte, dass alle Rechnungen trotzdem in CHF ausgestellt werden.Die Bezahlung in \u20ac ist lediglich eine Dienstleistung die wir unseren Kunden anbieten.<\/p>\n","protected":false},"author":1,"featured_media":0,"parent":0,"menu_order":0,"comment_status":"closed","ping_status":"closed","template":"","meta":{"_et_pb_use_builder":"on","_et_pb_old_content":"<div class=\"entry-content\">\n\n<strong>Bestellungen aus dem Ausland!<\/strong>\nBitte&nbsp; beachte, dass allf\u00e4llige Z\u00f6lle und die MwSt. anfallen k\u00f6nnen.\n\nDu m\u00f6chtest die Bestellung per SEPA-\u00dcberweisung in \u20ac bezahlen?\nKein Problem!\n\nBitte hinterlasse uns im Kommentarfeld eine Bemerkung und wir werden uns mit der umgerechneten Summe bei Dir melden sobald deine Bestellung bei uns eingegangen ist.\n\nBitte beachte, dass alle Rechnungen trotzdem in CHF ausgestellt werden. Die Bezahlung in \u20ac ist lediglich eine Dienstleistung die wir unseren Kunden anbieten.\n\n<\/div>","_et_gb_content_width":"1080","advanced_seo_description":"","jetpack_seo_html_title":"","jetpack_seo_noindex":false,"footnotes":""},"class_list":["post-337","page","type-page","status-publish","hentry"],"jetpack_sharing_enabled":true,"_links":{"self":[{"href":"https:\/\/gangwerk.ch\/shop\/wp-json\/wp\/v2\/pages\/337","targetHints":{"allow":["GET"]}}],"collection":[{"href":"https:\/\/gangwerk.ch\/shop\/wp-json\/wp\/v2\/pages"}],"about":[{"href":"https:\/\/gangwerk.ch\/shop\/wp-json\/wp\/v2\/types\/page"}],"author":[{"embeddable":true,"href":"https:\/\/gangwerk.ch\/shop\/wp-json\/wp\/v2\/users\/1"}],"replies":[{"embeddable":true,"href":"https:\/\/gangwerk.ch\/shop\/wp-json\/wp\/v2\/comments?post=337"}],"version-history":[{"count":7,"href":"https:\/\/gangwerk.ch\/shop\/wp-json\/wp\/v2\/pages\/337\/revisions"}],"predecessor-version":[{"id":2893,"href":"https:\/\/gangwerk.ch\/shop\/wp-json\/wp\/v2\/pages\/337\/revisions\/2893"}],"wp:attachment":[{"href":"https:\/\/gangwerk.ch\/shop\/wp-json\/wp\/v2\/media?parent=337"}],"curies":[{"name":"wp","href":"https:\/\/api.w.org\/{rel}","templated":true}]}}