{"id":223,"date":"2016-10-25T18:58:06","date_gmt":"2016-10-25T18:58:06","guid":{"rendered":"http:\/\/gangwerk.ch\/shop\/?page_id=223"},"modified":"2025-07-23T09:15:58","modified_gmt":"2025-07-23T09:15:58","slug":"agb","status":"publish","type":"page","link":"https:\/\/gangwerk.ch\/shop\/agb\/","title":{"rendered":"AGB"},"content":{"rendered":"<p>[et_pb_section fb_built=&#8220;1&#8243; admin_label=&#8220;section&#8220; _builder_version=&#8220;4.16&#8243; da_disable_devices=&#8220;off|off|off&#8220; global_colors_info=&#8220;{}&#8220; da_is_popup=&#8220;off&#8220; da_exit_intent=&#8220;off&#8220; da_has_close=&#8220;on&#8220; da_alt_close=&#8220;off&#8220; da_dark_close=&#8220;off&#8220; da_not_modal=&#8220;on&#8220; da_is_singular=&#8220;off&#8220; da_with_loader=&#8220;off&#8220; da_has_shadow=&#8220;on&#8220;][et_pb_row _builder_version=&#8220;4.16&#8243; global_colors_info=&#8220;{}&#8220;][et_pb_column type=&#8220;4_4&#8243; _builder_version=&#8220;4.16&#8243; global_colors_info=&#8220;{}&#8220;][et_pb_text _builder_version=&#8220;4.16&#8243; global_colors_info=&#8220;{}&#8220;]<\/p>\n<h2>AGB &#8211; Allgemeine Gesch\u00e4ftsbedingungen<\/h2>\n<p>[\/et_pb_text][et_pb_text _module_preset=&#8220;default&#8220;]<\/p>\n<div class=\"woocommerce woocommerce-gzd woocommerce-gzd-complaints-shortcode\">\n\t\t\t<h3>Alternative Streitbeilegung gem\u00e4\u00df Art. 14 Abs. 1 ODR-VO und \u00a7 36 VSBG:<\/h3>\n\t\nZur Teilnahme an einem Streitbeilegungsverfahren vor einer Verbraucherschlichtungsstelle sind wir nicht verpflichtet und nicht bereit.<\/div>\n<p>[\/et_pb_text][\/et_pb_column][\/et_pb_row][et_pb_row admin_label=&#8220;row&#8220; _builder_version=&#8220;4.16&#8243; background_size=&#8220;initial&#8220; background_position=&#8220;top_left&#8220; background_repeat=&#8220;repeat&#8220; global_colors_info=&#8220;{}&#8220;][et_pb_column type=&#8220;4_4&#8243; _builder_version=&#8220;4.16&#8243; custom_padding=&#8220;|||&#8220; global_colors_info=&#8220;{}&#8220; custom_padding__hover=&#8220;|||&#8220;][et_pb_text admin_label=&#8220;Text&#8220; _builder_version=&#8220;4.27.2&#8243; background_size=&#8220;initial&#8220; background_position=&#8220;top_left&#8220; background_repeat=&#8220;repeat&#8220; hover_enabled=&#8220;0&#8243; global_colors_info=&#8220;{}&#8220; sticky_enabled=&#8220;0&#8243;]<\/p>\n<div class=\"entry-content\">\n<h3>Zeitpunkt des Vertragsschlusses<\/h3>\n<p>Durch Anklicken des Buttons \u201eBestellen\u201c geben Sie eine verbindliche Bestellung der im Warenkorb enthaltenen Waren ab und best\u00e4tigen gleichzeitig, dass Sie das 18. Lebensjahr vollendet haben. Die Best\u00e4tigung des Eingangs der Bestellung folgt unmittelbar nach dem Absenden der Bestellung. Der Kaufvertrag kommt mit dieser Best\u00e4tigung zustande.<br \/>Nachdem eine Bestellung aufgegeben wurde, kann diese nicht mehr storniert werden und der Passus \u201eWarenr\u00fcckgabe\u201c kommt zum tragen.<\/p>\n<h3>Preise<\/h3>\n<p>Alle angegebenen Preise lauten in CHF und sind inkl. der gesetzlichen MwSt. (Nur in der Schweiz). F\u00fcr Kunden aus dem Ausland wird die gesetzliche MwSt. ihres Landes bei der Zustellung f\u00e4llig and den Versanddienstleister.<\/p>\n<h3>Zahlungsm\u00f6glichkeiten<\/h3>\n<p>Wir bieten veschieden Zahlungsm\u00f6glichkeiten. W\u00e4hrend des Bestellvorgangs werden Sie \u00fcber die Auswahl informiert.<\/p>\n<p>Die voraussichtliche Lieferzeit entnehmen Sie bitte der Produktbeschreibung. Falls dort keine Angaben gemacht werden, erfolgt die Lieferung bei Bestellannahme in der Regel innerhalb von 2-5 Werktagen, bei Abweichungen hiervon erh\u00e4lt der Kunde von uns den Liefertermin mitgeteilt.<\/p>\n<p>Nach vorheriger Terminvereinbarung ist es in Ausnahmef\u00e4llen auch m\u00f6glich, die bestellte Ware \u2013 gegen Barzahlung, Karte oder TWINT \u2013 bei uns im Lager abzuholen.<\/p>\n<p>Kleinmengenzuschlag. F\u00fcr Bestellungen von Kleinstartikeln welche auch als Brief versendet werden k\u00f6nnen berechnen wir aus administrativen und \u00f6kologischen Gr\u00fcnden einen Kleinmengenzuschlag welcher mit dem Porto f\u00fcr Paketpost verrechnet wird.<\/p>\n<h3>Lieferung<\/h3>\n<p>Die Lieferung bei Waren die an Lager sind erfolgt nach Zahlungseingang innerhalb von max. 2-3 Tagen.<\/p>\n<p>Teillieferungen werden nur auf Wunsch des Kunden gemacht, die Mehrkosten tr\u00e4gt der Kunde.<\/p>\n<p>Unabwendbare Ereignisse wie h\u00f6here Gewalt, Streiks usw. berechtigen den Anbieter zum Lieferaufschub oder allenfalls zum R\u00fccktritt vom Vertrag.<\/p>\n<p>Der Anbieter w\u00e4hlt die Versandart. Verlangt der K\u00e4ufer abweichendes, tr\u00e4gt er die Mehrkosten.<\/p>\n<p>Die angegebenen Liefertermine bei Waren auf Lieferr\u00fcckstand\/Nachlieferung sind nur als Richtwerte zu betrachten. Die Angabe eines Liefertermins erfolgt nach bestem Wissen, jedoch ohne Gew\u00e4hr. Dies gilt insbesondere f\u00fcr den Fall von Lieferverz\u00f6gerungen durch Seefracht, Zoll etc. Sollte sich eine Lieferung \u00fcber einen vom Anbieter ausdr\u00fccklich schriftlich zugesicherten Liefertermin hinaus verz\u00f6gern, so kann der Kunde nach Ablauf einer von ihm schriftlich anzusetzenden Zusatzfrist von mindestens drei Wochen den Anbieter in Verzug setzen und nach ungenutztem Ablauf einer angemessenen Nachfrist in der Folge von der get\u00e4tigten Bestellung zur\u00fccktreten. Der Anbieter haftet f\u00fcr diesen Fall gegen\u00fcber dem Kunden nur f\u00fcr den direkten und unmittelbaren Schaden, wenn und soweit der Verzug bzw. die Unm\u00f6glichkeit der Lieferung nachweisbar auf eine grobfahrl\u00e4ssige Vertragsverletzung vom Anbieter zur\u00fcckzuf\u00fchren ist.<\/p>\n<h3>Warenr\u00fccksendung<\/h3>\n<p>Warenr\u00fccknahmen sind nur ausnahmsweise und in unbesch\u00e4diger Verpackung sowie mit unserer vorherigen Zustimmung m\u00f6glich. Wir behalten uns vor die urspr\u00fcnglich durch uns \u00fcbernommenen Versandkosten nachtr\u00e4glich in Rechnung zustellen. Ebenso behalten wir uns vor einen Administrativbetrag von Fr. 20.- zu erheben.<br \/>Bei R\u00fccksendungen aus dem Ausland verrechen wir neben dem Administrativbetrag f\u00fcr uns durch die R\u00fccksendung zus\u00e4tzlich angefallene Versand- und Zollkosten.<\/p>\n<h3>Adress\u00e4nderung<\/h3>\n<p>Der Kunde hat jede Adress\u00e4nderung der\u00a0 Gangwerk GmbH unverz\u00fcglich mitzuteilen. Unterl\u00e4sst er dies, so gilt die letzt bekannte Adresse f\u00fcr alle Zustellungen. Aufwendungen zur Adressermittlung tr\u00e4gt der Kunde.<\/p>\n<h3>Produkteabbildungen\/Produkteinformationen<\/h3>\n<p>Die Produkteabbildungen m\u00fcssen nicht mit dem Aussehen der gelieferten Produkte \u00fcbereinstimmen. Wir bem\u00fchen uns jedoch, die Bilder auf dem neusten Stand zu halten.<br \/>Die Angaben zu den einzelnen Produkten wurden weitgehend den verschiedenen Informationsmedien der jeweiligen Hersteller entnommen. Der Firma Gangwerk GmbH \u2013 Katharina Mattioli \u00fcbernimmt deshalb keine Verantwortung f\u00fcr die Vollst\u00e4ndigkeit und Richtigkeit dieser Angaben.<\/p>\n<h3>Gew\u00e4hrleistung<\/h3>\n<p>Die Gew\u00e4hrleistung erfolgt nach den gesetzlichen Bestimmungen, wobei wir berechtigt sind, im Falle eines Mangels der Ware nach Ihrer Wahl nachzuliefern oder nachzubessern. Schl\u00e4gt die Nachbesserung endg\u00fcltig fehl oder ist die nachgelieferte Ware ebenfalls mangelbehaftet, so k\u00f6nnen Sie R\u00fcckgabe der Ware gegen R\u00fcckerstattung des vereinbarten Preises oder Herabsetzung des Kaufpreises verlangen.<\/p>\n<h3>Beanstandung\/Reklamation<\/h3>\n<p>Beanstandungen wegen unvollst\u00e4ndiger oder unrichtiger Lieferung oder wegen erkennbarer M\u00e4ngel m\u00fcssen unverz\u00fcglich, mindestens aber innerhalb von 3 Arbeitstagen nach Empfang der Ware schriftlich unter genauer Angabe der behaupteten einzelnen M\u00e4ngel erfolgen. Die Untersuchungspflicht erstreckt sich auf die ganze Lieferung. F\u00fcr zu sp\u00e4t gemeldete M\u00e4ngel wird keine Haftung \u00fcbernommmen.<\/p>\n<h3>Eigentumsvorbehalt<\/h3>\n<p>Die Ware bleibt bis zur vollst\u00e4ndigen Bezahlung Eigentum der Gangwerk Ganwerk GmbH bis zur Erf\u00fcllung s\u00e4mtlicher Forderungen aus dem Liefervertrag.<\/p>\n<h3>Schlussbestimmungen<\/h3>\n<p>Alle nicht definierten Bestimmungen unterliegen den gesetzlichen Bestimmungen. Gerichtsstand ist Schleinikon\/ZH\/Schweiz.<\/p>\n<p>Schleinikon, Januar 2023<\/p>\n<\/div>\n<p>[\/et_pb_text][\/et_pb_column][\/et_pb_row][\/et_pb_section]<\/p>\n","protected":false},"excerpt":{"rendered":"<p>AGB &#8211; Allgemeine Gesch\u00e4ftsbedingungen<div class=\"woocommerce woocommerce-gzd woocommerce-gzd-complaints-shortcode\">\n\t\t\t<h3>Alternative Streitbeilegung gem\u00e4\u00df Art. 14 Abs. 1 ODR-VO und \u00a7 36 VSBG:<\/h3>\n\t\nZur Teilnahme an einem Streitbeilegungsverfahren vor einer Verbraucherschlichtungsstelle sind wir nicht verpflichtet und nicht bereit.<\/div> Zeitpunkt des Vertragsschlusses Durch Anklicken des Buttons \u201eBestellen\u201c geben Sie eine verbindliche Bestellung der im Warenkorb enthaltenen Waren ab und best\u00e4tigen gleichzeitig, dass Sie das 18. Lebensjahr vollendet haben. Die Best\u00e4tigung des Eingangs der Bestellung folgt unmittelbar nach dem Absenden der Bestellung. Der Kaufvertrag kommt mit dieser Best\u00e4tigung zustande.Nachdem eine Bestellung aufgegeben wurde, kann diese nicht mehr storniert werden und der Passus \u201eWarenr\u00fcckgabe\u201c kommt zum tragen. Preise Alle angegebenen Preise lauten in CHF und sind inkl. der gesetzlichen MwSt. (Nur in der Schweiz). F\u00fcr Kunden aus dem Ausland wird die gesetzliche MwSt. ihres Landes bei der Zustellung f\u00e4llig and den Versanddienstleister. Zahlungsm\u00f6glichkeiten Wir bieten veschieden Zahlungsm\u00f6glichkeiten. W\u00e4hrend des Bestellvorgangs werden Sie \u00fcber die Auswahl informiert. Die voraussichtliche Lieferzeit entnehmen Sie bitte der Produktbeschreibung. Falls dort keine Angaben gemacht werden, erfolgt die Lieferung bei Bestellannahme in der Regel innerhalb von 2-5 Werktagen, bei Abweichungen hiervon erh\u00e4lt der Kunde von uns den Liefertermin mitgeteilt. Nach vorheriger Terminvereinbarung ist es in Ausnahmef\u00e4llen auch m\u00f6glich, die bestellte Ware \u2013 gegen Barzahlung, Karte oder TWINT \u2013 bei uns im Lager abzuholen. Kleinmengenzuschlag. F\u00fcr Bestellungen von Kleinstartikeln welche auch als Brief versendet werden k\u00f6nnen berechnen wir aus administrativen und \u00f6kologischen Gr\u00fcnden einen [&hellip;]<\/p>\n","protected":false},"author":1,"featured_media":0,"parent":0,"menu_order":0,"comment_status":"closed","ping_status":"closed","template":"","meta":{"_et_pb_use_builder":"on","_et_pb_old_content":"<div class=\"entry-content\">\n<h3>Zeitpunkt des Vertragsschlusses<\/h3>\nDurch Anklicken des Buttons \u201eBestellen\u201c geben Sie eine verbindliche Bestellung der im Warenkorb enthaltenen Waren ab und best\u00e4tigen gleichzeitig, dass Sie das 18. Lebensjahr vollendet haben. Die Best\u00e4tigung des Eingangs der Bestellung folgt unmittelbar nach dem Absenden der Bestellung. Der Kaufvertrag kommt mit dieser Best\u00e4tigung zustande. Nachdem eine Bestellung aufgegeben wurde, kann diese nicht mehr storniert werden und der Passus \u201eWarenr\u00fcckgabe\u201c kommt zum tragen.\n<h3>Preise<\/h3>\nAlle angegebenen Preise lauten in CHF und sind exkl. der gesetzlichen MwSt.. Die MwSt. wird im Warenkorb angerechnet. Wir verzichten zur Zeit auf die Bezahlung per Nachname und rechnen per Vorkasse oder direkt \u00fcber Paypal ab.\n<h3>Zahlungsm\u00f6glichkeiten<\/h3>\nWir bieten veschieden Zahlungsm\u00f6glichkeiten. W\u00e4hrend des Bestellvorgangs werden Sie \u00fcber die Auswahl informiert.\n\nDie voraussichtliche Lieferzeit entnehmen Sie bitte der Produktbeschreibung. Falls dort keine Angaben gemacht werden, erfolgt die Lieferung bei Bestellannahme in der Regel innerhalb von 2-5 Werktagen, bei Abweichungen hiervon erh\u00e4lt der Kunde von uns den Liefertermin mitgeteilt.\n\nNach vorheriger Terminvereinbarung ist es auch m\u00f6glich, die bestellte Ware \u2013 gegen Barzahlung oder Karte (keine Postcard) \u2013 bei uns im Lager abzuholen.\n<h3>Warenr\u00fccksendung<\/h3>\nWarenr\u00fccknahmen sind nur ausnahmsweise und in unbesch\u00e4diger Verpackung sowie mit unserer vorherigen Zustimmung m\u00f6glich. Wir behalten uns vor die urspr\u00fcnglich durch uns \u00fcbernommenen Versandkosten nachtr\u00e4glich in Rechnung zustellen. Ebenso behalten wir uns vor einen Administrativbetrag von Fr. 20.- zu erheben.\n<h3>Adress\u00e4nderung<\/h3>\nDer Kunde hat jede Adress\u00e4nderung der\u00a0 Gangwerk GmbH unverz\u00fcglich mitzuteilen. Unterl\u00e4sst er dies, so gilt die letzt bekannte Adresse f\u00fcr alle Zustellungen. Aufwendungen zur Adressermittlung tr\u00e4gt der Kunde.\n<h3>Produkteabbildungen\/Produkteinformationen<\/h3>\nDie Produkteabbildungen m\u00fcssen nicht mit dem Aussehen der gelieferten Produkte \u00fcbereinstimmen. Wir bem\u00fchen uns jedoch, die Bilder auf dem neusten Stand zu halten.\nDie Angaben zu den einzelnen Produkten wurden weitgehend den verschiedenen Informationsmedien der jeweiligen Hersteller entnommen. Der Firma Gangwerk \u2013 Katharina Mattioli \u00fcbernimmt deshalb keine Verantwortung f\u00fcr die Vollst\u00e4ndigkeit und Richtigkeit dieser Angaben.\n<h3>Gew\u00e4hrleistung<\/h3>\nDie Gew\u00e4hrleistung erfolgt nach den gesetzlichen Bestimmungen, wobei wir berechtigt sind, im Falle eines Mangels der Ware nach Ihrer Wahl nachzuliefern oder nachzubessern. Schl\u00e4gt die Nachbesserung endg\u00fcltig fehl oder ist die nachgelieferte Ware ebenfalls mangelbehaftet, so k\u00f6nnen Sie R\u00fcckgabe der Ware gegen R\u00fcckerstattung des vereinbarten Preises oder Herabsetzung des Kaufpreises verlangen.\n<h3>Beanstandung\/Reklamation<\/h3>\nBeanstandungen wegen unvollst\u00e4ndiger oder unrichtiger Lieferung oder wegen erkennbarer M\u00e4ngel m\u00fcssen unverz\u00fcglich, mindestens aber innerhalb von 3 Arbeitstagen nach Empfang der Ware schriftlich unter genauer Angabe der behaupteten einzelnen M\u00e4ngel erfolgen. Die Untersuchungspflicht erstreckt sich auf die ganze Lieferung. F\u00fcr zu sp\u00e4t gemeldete M\u00e4ngel wird keine Haftung \u00fcbernommmen.\n<h3>Eigentumsvorbehalt<\/h3>\nDie Ware bleibt bis zur vollst\u00e4ndigen Bezahlung Eigentum der Gangwerk Ganwerk GmbH bis zur Erf\u00fcllung s\u00e4mtlicher Forderungen aus dem Liefervertrag.\n<h3>Schlussbestimmungen<\/h3>\nAlle nicht definierten Bestimmungen unterliegen den gesetzlichen Bestimmungen. Gerichtsstand ist Schleinikon\/ZH.\n\nSchleinikon, Dezember 2018\n\n<\/div>","_et_gb_content_width":"","advanced_seo_description":"","jetpack_seo_html_title":"","jetpack_seo_noindex":false,"footnotes":""},"class_list":["post-223","page","type-page","status-publish","hentry"],"jetpack_sharing_enabled":true,"_links":{"self":[{"href":"https:\/\/gangwerk.ch\/shop\/wp-json\/wp\/v2\/pages\/223","targetHints":{"allow":["GET"]}}],"collection":[{"href":"https:\/\/gangwerk.ch\/shop\/wp-json\/wp\/v2\/pages"}],"about":[{"href":"https:\/\/gangwerk.ch\/shop\/wp-json\/wp\/v2\/types\/page"}],"author":[{"embeddable":true,"href":"https:\/\/gangwerk.ch\/shop\/wp-json\/wp\/v2\/users\/1"}],"replies":[{"embeddable":true,"href":"https:\/\/gangwerk.ch\/shop\/wp-json\/wp\/v2\/comments?post=223"}],"version-history":[{"count":22,"href":"https:\/\/gangwerk.ch\/shop\/wp-json\/wp\/v2\/pages\/223\/revisions"}],"predecessor-version":[{"id":8743,"href":"https:\/\/gangwerk.ch\/shop\/wp-json\/wp\/v2\/pages\/223\/revisions\/8743"}],"wp:attachment":[{"href":"https:\/\/gangwerk.ch\/shop\/wp-json\/wp\/v2\/media?parent=223"}],"curies":[{"name":"wp","href":"https:\/\/api.w.org\/{rel}","templated":true}]}}